{"id":7010,"date":"2025-12-14T16:01:47","date_gmt":"2025-12-14T16:01:47","guid":{"rendered":"https:\/\/viamorenno.com.br\/?post_type=product&#038;p=7010"},"modified":"2026-01-22T14:19:08","modified_gmt":"2026-01-22T14:19:08","slug":"vestido-melissa","status":"publish","type":"product","link":"https:\/\/viamorenno.com.br\/en\/product\/vestido-melissa\/","title":{"rendered":"Vestido Melissa"},"content":{"rendered":"<p>Vestido estilo lady like em renda trabalhada. Possui decote em V e mangas bufantes com babado em tule e aplica\u00e7\u00e3o de renda guipir. Conta com detalhes em renda guipir na cintura e na saia. A saia \u00e9 no modelo evas\u00ea, com duas marias e aplica\u00e7\u00e3o de tule com guipir. Possui forro e fechamento em z\u00edper nas costas.<\/p>\n<p>Tabela de Medidas (em cm):<br \/>\n\u2022 PP: Busto 92 | Cintura 74 | Quadril 106 | Comprimento 111<\/p>","protected":false},"excerpt":{"rendered":"<p>Vestido estilo lady like em renda trabalhada. Possui decote em V e mangas bufantes com babado em tule e aplica\u00e7\u00e3o de renda guipir. Conta com detalhes em renda guipir na cintura e na saia. A saia \u00e9 no modelo evas\u00ea, com duas marias e aplica\u00e7\u00e3o de tule com guipir. Possui forro e fechamento em z\u00edper [&hellip;]<\/p>\n","protected":false},"featured_media":7011,"comment_status":"open","ping_status":"closed","template":"","meta":{"_joinchat":[]},"product_brand":[],"product_cat":[116],"product_tag":[],"class_list":{"0":"post-7010","1":"product","2":"type-product","3":"status-publish","4":"has-post-thumbnail","6":"product_cat-vestidos","8":"first","9":"instock","10":"shipping-taxable","11":"purchasable","12":"product-type-variable"},"_links":{"self":[{"href":"https:\/\/viamorenno.com.br\/en\/wp-json\/wp\/v2\/product\/7010","targetHints":{"allow":["GET"]}}],"collection":[{"href":"https:\/\/viamorenno.com.br\/en\/wp-json\/wp\/v2\/product"}],"about":[{"href":"https:\/\/viamorenno.com.br\/en\/wp-json\/wp\/v2\/types\/product"}],"replies":[{"embeddable":true,"href":"https:\/\/viamorenno.com.br\/en\/wp-json\/wp\/v2\/comments?post=7010"}],"version-history":[{"count":0,"href":"https:\/\/viamorenno.com.br\/en\/wp-json\/wp\/v2\/product\/7010\/revisions"}],"wp:featuredmedia":[{"embeddable":true,"href":"https:\/\/viamorenno.com.br\/en\/wp-json\/wp\/v2\/media\/7011"}],"wp:attachment":[{"href":"https:\/\/viamorenno.com.br\/en\/wp-json\/wp\/v2\/media?parent=7010"}],"wp:term":[{"taxonomy":"product_brand","embeddable":true,"href":"https:\/\/viamorenno.com.br\/en\/wp-json\/wp\/v2\/product_brand?post=7010"},{"taxonomy":"product_cat","embeddable":true,"href":"https:\/\/viamorenno.com.br\/en\/wp-json\/wp\/v2\/product_cat?post=7010"},{"taxonomy":"product_tag","embeddable":true,"href":"https:\/\/viamorenno.com.br\/en\/wp-json\/wp\/v2\/product_tag?post=7010"}],"curies":[{"name":"wp","href":"https:\/\/api.w.org\/{rel}","templated":true}]}}