{"id":7015,"date":"2025-12-14T16:12:35","date_gmt":"2025-12-14T16:12:35","guid":{"rendered":"https:\/\/viamorenno.com.br\/?post_type=product&#038;p=7015"},"modified":"2026-03-18T19:25:43","modified_gmt":"2026-03-18T19:25:43","slug":"vestido-taina","status":"publish","type":"product","link":"https:\/\/viamorenno.com.br\/en\/product\/vestido-taina\/","title":{"rendered":"Vestido Tain\u00e1"},"content":{"rendered":"<p>Vestido Tain\u00e1<\/p>\n<p>Vestido longo no modelo novo, confeccionado em chiffon estampado com leves fios de brilho. Possui gola O e mangas levemente bufantes, com punho fechado e aplica\u00e7\u00e3o de renda trabalhada embutida. O vestido conta com compos\u00ea do chiffon estampado e renda trabalhada na horizontal por toda a pe\u00e7a. A saia \u00e9 no modelo evas\u00ea, com continuidade do compos\u00ea. Possui forro e fechamento em z\u00edper nas costas.<\/p>\n<p>Tabela de Medidas (em cm):<br \/>\n\u2022 P: Busto 92 | Cintura 72 | Quadril evas\u00ea | Comprimento 133.<\/p>\n<p>&nbsp;<\/p>","protected":false},"excerpt":{"rendered":"<p>Vestido Tain\u00e1 Vestido longo no modelo novo, confeccionado em chiffon estampado com leves fios de brilho. Possui gola O e mangas levemente bufantes, com punho fechado e aplica\u00e7\u00e3o de renda trabalhada embutida. O vestido conta com compos\u00ea do chiffon estampado e renda trabalhada na horizontal por toda a pe\u00e7a. A saia \u00e9 no modelo evas\u00ea, [&hellip;]<\/p>\n","protected":false},"featured_media":7017,"comment_status":"open","ping_status":"closed","template":"","meta":{"_joinchat":[]},"product_brand":[],"product_cat":[118,116],"product_tag":[],"class_list":{"0":"post-7015","1":"product","2":"type-product","3":"status-publish","4":"has-post-thumbnail","6":"product_cat-vestido-longo","7":"product_cat-vestidos","9":"first","10":"outofstock","11":"shipping-taxable","12":"product-type-variable"},"_links":{"self":[{"href":"https:\/\/viamorenno.com.br\/en\/wp-json\/wp\/v2\/product\/7015","targetHints":{"allow":["GET"]}}],"collection":[{"href":"https:\/\/viamorenno.com.br\/en\/wp-json\/wp\/v2\/product"}],"about":[{"href":"https:\/\/viamorenno.com.br\/en\/wp-json\/wp\/v2\/types\/product"}],"replies":[{"embeddable":true,"href":"https:\/\/viamorenno.com.br\/en\/wp-json\/wp\/v2\/comments?post=7015"}],"version-history":[{"count":0,"href":"https:\/\/viamorenno.com.br\/en\/wp-json\/wp\/v2\/product\/7015\/revisions"}],"wp:featuredmedia":[{"embeddable":true,"href":"https:\/\/viamorenno.com.br\/en\/wp-json\/wp\/v2\/media\/7017"}],"wp:attachment":[{"href":"https:\/\/viamorenno.com.br\/en\/wp-json\/wp\/v2\/media?parent=7015"}],"wp:term":[{"taxonomy":"product_brand","embeddable":true,"href":"https:\/\/viamorenno.com.br\/en\/wp-json\/wp\/v2\/product_brand?post=7015"},{"taxonomy":"product_cat","embeddable":true,"href":"https:\/\/viamorenno.com.br\/en\/wp-json\/wp\/v2\/product_cat?post=7015"},{"taxonomy":"product_tag","embeddable":true,"href":"https:\/\/viamorenno.com.br\/en\/wp-json\/wp\/v2\/product_tag?post=7015"}],"curies":[{"name":"wp","href":"https:\/\/api.w.org\/{rel}","templated":true}]}}