{"id":7027,"date":"2025-12-18T19:56:55","date_gmt":"2025-12-18T19:56:55","guid":{"rendered":"https:\/\/viamorenno.com.br\/?post_type=product&#038;p=7027"},"modified":"2026-01-29T12:30:28","modified_gmt":"2026-01-29T12:30:28","slug":"vestido-mariele","status":"publish","type":"product","link":"https:\/\/viamorenno.com.br\/en\/product\/vestido-mariele\/","title":{"rendered":"Vestido Mariele"},"content":{"rendered":"<p>Vestido longo no modelo novo, confeccionado no tecido Duna em compos\u00ea com chiffon bordado. Possui decote cora\u00e7\u00e3o com detalhe franzido no busto e aplica\u00e7\u00e3o de bot\u00f5es n\u00e3o funcionais. As mangas s\u00e3o god\u00ea curtas em tecido de chiffon.<br \/>\nA saia \u00e9 no modelo evas\u00ea, com duas marias em compos\u00ea de chiffon. Possui z\u00edper nas costas e forro interno.<\/p>\n<p>Tabela de Medidas:<br \/>\nM: Busto 94 cm | Cintura 78 cm | Quadril evas\u00ea | Comprimento 146 cm<br \/>\nG: Busto 98 cm | Cintura 82 cm | Quadril evas\u00ea | Comprimento 147 cm<\/p>","protected":false},"excerpt":{"rendered":"<p>Vestido longo no modelo novo, confeccionado no tecido Duna em compos\u00ea com chiffon bordado. Possui decote cora\u00e7\u00e3o com detalhe franzido no busto e aplica\u00e7\u00e3o de bot\u00f5es n\u00e3o funcionais. As mangas s\u00e3o god\u00ea curtas em tecido de chiffon. A saia \u00e9 no modelo evas\u00ea, com duas marias em compos\u00ea de chiffon. Possui z\u00edper nas costas e [&hellip;]<\/p>\n","protected":false},"featured_media":7028,"comment_status":"open","ping_status":"closed","template":"","meta":{"_joinchat":[]},"product_brand":[],"product_cat":[118,116],"product_tag":[],"class_list":{"0":"post-7027","1":"product","2":"type-product","3":"status-publish","4":"has-post-thumbnail","6":"product_cat-vestido-longo","7":"product_cat-vestidos","9":"first","10":"instock","11":"shipping-taxable","12":"purchasable","13":"product-type-variable"},"_links":{"self":[{"href":"https:\/\/viamorenno.com.br\/en\/wp-json\/wp\/v2\/product\/7027","targetHints":{"allow":["GET"]}}],"collection":[{"href":"https:\/\/viamorenno.com.br\/en\/wp-json\/wp\/v2\/product"}],"about":[{"href":"https:\/\/viamorenno.com.br\/en\/wp-json\/wp\/v2\/types\/product"}],"replies":[{"embeddable":true,"href":"https:\/\/viamorenno.com.br\/en\/wp-json\/wp\/v2\/comments?post=7027"}],"version-history":[{"count":0,"href":"https:\/\/viamorenno.com.br\/en\/wp-json\/wp\/v2\/product\/7027\/revisions"}],"wp:featuredmedia":[{"embeddable":true,"href":"https:\/\/viamorenno.com.br\/en\/wp-json\/wp\/v2\/media\/7028"}],"wp:attachment":[{"href":"https:\/\/viamorenno.com.br\/en\/wp-json\/wp\/v2\/media?parent=7027"}],"wp:term":[{"taxonomy":"product_brand","embeddable":true,"href":"https:\/\/viamorenno.com.br\/en\/wp-json\/wp\/v2\/product_brand?post=7027"},{"taxonomy":"product_cat","embeddable":true,"href":"https:\/\/viamorenno.com.br\/en\/wp-json\/wp\/v2\/product_cat?post=7027"},{"taxonomy":"product_tag","embeddable":true,"href":"https:\/\/viamorenno.com.br\/en\/wp-json\/wp\/v2\/product_tag?post=7027"}],"curies":[{"name":"wp","href":"https:\/\/api.w.org\/{rel}","templated":true}]}}