{"id":7042,"date":"2025-12-23T20:33:58","date_gmt":"2025-12-23T20:33:58","guid":{"rendered":"https:\/\/viamorenno.com.br\/?post_type=product&#038;p=7042"},"modified":"2026-02-06T17:04:20","modified_gmt":"2026-02-06T17:04:20","slug":"vestido-joana","status":"publish","type":"product","link":"https:\/\/viamorenno.com.br\/en\/product\/vestido-joana\/","title":{"rendered":"Vestido Joana"},"content":{"rendered":"<p>Vestido no modelo lady like, no tricoline liso. Possui decote cora\u00e7\u00e3o com aplica\u00e7\u00e3o de bordados maquinetado e bot\u00f5es encapados funcionais no busto. Possui manga princesa levemente bufante com punho fechado. Saia no modelo god\u00ea. Possui z\u00edper nas costas. Possui forro.<\/p>\n<p>Tabela de medidas:<br \/>\nP: Busto 90 | Cintura 72 | Quadril god\u00ea | Comprimento 105<br \/>\nG: Busto 98 | Cintura 80 | Quadril god\u00ea | Comprimento 107<\/p>","protected":false},"excerpt":{"rendered":"<p>Vestido no modelo lady like, no tricoline liso. Possui decote cora\u00e7\u00e3o com aplica\u00e7\u00e3o de bordados maquinetado e bot\u00f5es encapados funcionais no busto. Possui manga princesa levemente bufante com punho fechado. Saia no modelo god\u00ea. Possui z\u00edper nas costas. Possui forro. Tabela de medidas: P: Busto 90 | Cintura 72 | Quadril god\u00ea | Comprimento 105 [&hellip;]<\/p>\n","protected":false},"featured_media":7043,"comment_status":"open","ping_status":"closed","template":"","meta":{"_joinchat":[]},"product_brand":[],"product_cat":[116],"product_tag":[],"class_list":{"0":"post-7042","1":"product","2":"type-product","3":"status-publish","4":"has-post-thumbnail","6":"product_cat-vestidos","8":"first","9":"instock","10":"shipping-taxable","11":"purchasable","12":"product-type-variable"},"_links":{"self":[{"href":"https:\/\/viamorenno.com.br\/en\/wp-json\/wp\/v2\/product\/7042","targetHints":{"allow":["GET"]}}],"collection":[{"href":"https:\/\/viamorenno.com.br\/en\/wp-json\/wp\/v2\/product"}],"about":[{"href":"https:\/\/viamorenno.com.br\/en\/wp-json\/wp\/v2\/types\/product"}],"replies":[{"embeddable":true,"href":"https:\/\/viamorenno.com.br\/en\/wp-json\/wp\/v2\/comments?post=7042"}],"version-history":[{"count":0,"href":"https:\/\/viamorenno.com.br\/en\/wp-json\/wp\/v2\/product\/7042\/revisions"}],"wp:featuredmedia":[{"embeddable":true,"href":"https:\/\/viamorenno.com.br\/en\/wp-json\/wp\/v2\/media\/7043"}],"wp:attachment":[{"href":"https:\/\/viamorenno.com.br\/en\/wp-json\/wp\/v2\/media?parent=7042"}],"wp:term":[{"taxonomy":"product_brand","embeddable":true,"href":"https:\/\/viamorenno.com.br\/en\/wp-json\/wp\/v2\/product_brand?post=7042"},{"taxonomy":"product_cat","embeddable":true,"href":"https:\/\/viamorenno.com.br\/en\/wp-json\/wp\/v2\/product_cat?post=7042"},{"taxonomy":"product_tag","embeddable":true,"href":"https:\/\/viamorenno.com.br\/en\/wp-json\/wp\/v2\/product_tag?post=7042"}],"curies":[{"name":"wp","href":"https:\/\/api.w.org\/{rel}","templated":true}]}}