{"id":7056,"date":"2025-12-26T18:41:23","date_gmt":"2025-12-26T18:41:23","guid":{"rendered":"https:\/\/viamorenno.com.br\/?post_type=product&#038;p=7056"},"modified":"2026-04-06T14:51:08","modified_gmt":"2026-04-06T14:51:08","slug":"vestido-leila","status":"publish","type":"product","link":"https:\/\/viamorenno.com.br\/en\/product\/vestido-leila\/","title":{"rendered":"Vestido Leila"},"content":{"rendered":"<p>Vestido no modelo lady like, no tecido de alfaiataria premium. Possui decote canoa com recortes verticais no busto. Conta com manga levemente bufante e punho fechado. Apresenta detalhe cl\u00e1ssico de passantes na cintura para cinto de couro com fivela dourada ajust\u00e1vel, que acompanha a pe\u00e7a. Saia com detalhe de pregas macho e aplica\u00e7\u00e3o de uma camada de tule bordado. Possui z\u00edper nas costas e forro.<\/p>\n<p>P: Busto 92 | Cintura 76 | Quadril 102 | Comprimento 111<\/p>","protected":false},"excerpt":{"rendered":"<p>Vestido no modelo lady like, no tecido de alfaiataria premium. Possui decote canoa com recortes verticais no busto. Conta com manga levemente bufante e punho fechado. Apresenta detalhe cl\u00e1ssico de passantes na cintura para cinto de couro com fivela dourada ajust\u00e1vel, que acompanha a pe\u00e7a. Saia com detalhe de pregas macho e aplica\u00e7\u00e3o de uma [&hellip;]<\/p>\n","protected":false},"featured_media":7057,"comment_status":"open","ping_status":"closed","template":"","meta":{"_joinchat":[]},"product_brand":[],"product_cat":[116],"product_tag":[],"class_list":{"0":"post-7056","1":"product","2":"type-product","3":"status-publish","4":"has-post-thumbnail","6":"product_cat-vestidos","8":"first","9":"instock","10":"sale","11":"shipping-taxable","12":"purchasable","13":"product-type-variable"},"_links":{"self":[{"href":"https:\/\/viamorenno.com.br\/en\/wp-json\/wp\/v2\/product\/7056","targetHints":{"allow":["GET"]}}],"collection":[{"href":"https:\/\/viamorenno.com.br\/en\/wp-json\/wp\/v2\/product"}],"about":[{"href":"https:\/\/viamorenno.com.br\/en\/wp-json\/wp\/v2\/types\/product"}],"replies":[{"embeddable":true,"href":"https:\/\/viamorenno.com.br\/en\/wp-json\/wp\/v2\/comments?post=7056"}],"version-history":[{"count":2,"href":"https:\/\/viamorenno.com.br\/en\/wp-json\/wp\/v2\/product\/7056\/revisions"}],"predecessor-version":[{"id":7922,"href":"https:\/\/viamorenno.com.br\/en\/wp-json\/wp\/v2\/product\/7056\/revisions\/7922"}],"wp:featuredmedia":[{"embeddable":true,"href":"https:\/\/viamorenno.com.br\/en\/wp-json\/wp\/v2\/media\/7057"}],"wp:attachment":[{"href":"https:\/\/viamorenno.com.br\/en\/wp-json\/wp\/v2\/media?parent=7056"}],"wp:term":[{"taxonomy":"product_brand","embeddable":true,"href":"https:\/\/viamorenno.com.br\/en\/wp-json\/wp\/v2\/product_brand?post=7056"},{"taxonomy":"product_cat","embeddable":true,"href":"https:\/\/viamorenno.com.br\/en\/wp-json\/wp\/v2\/product_cat?post=7056"},{"taxonomy":"product_tag","embeddable":true,"href":"https:\/\/viamorenno.com.br\/en\/wp-json\/wp\/v2\/product_tag?post=7056"}],"curies":[{"name":"wp","href":"https:\/\/api.w.org\/{rel}","templated":true}]}}