{"id":7061,"date":"2025-12-26T19:39:16","date_gmt":"2025-12-26T19:39:16","guid":{"rendered":"https:\/\/viamorenno.com.br\/?post_type=product&#038;p=7061"},"modified":"2026-03-14T17:38:04","modified_gmt":"2026-03-14T17:38:04","slug":"vestido-suzana-2","status":"publish","type":"product","link":"https:\/\/viamorenno.com.br\/en\/product\/vestido-suzana-2\/","title":{"rendered":"Vestido Suzana"},"content":{"rendered":"<p>Vestido no modelo novo longo, no tecido de linho, com detalhes na alfaiataria dourada. Possui decote quadrado e aplica\u00e7\u00e3o de el\u00e1stico no ombro, al\u00e9m de bot\u00f5es n\u00e3o funcionais no busto. Manga bufante com detalhe de bordado maquinado e punho fechado. Saia no modelo evas\u00ea com aplica\u00e7\u00e3o de duas marias e detalhes em dourado na alfaiataria. Possui z\u00edper nas costas e forro.<\/p>\n<p>PP: Busto 86 | Cintura 68 | Quadril evas\u00ea | Comprimento 124<br \/>\nP: Busto 90 | Cintura 72 | Quadril evas\u00ea | Comprimento 125<br \/>\nM: Busto 94 | Cintura 76 | Quadril evas\u00ea | Comprimento 126<br \/>\nG: Busto 98 | Cintura 80 | Quadril evas\u00ea | Comprimento 127<\/p>","protected":false},"excerpt":{"rendered":"<p>Vestido no modelo novo longo, no tecido de linho, com detalhes na alfaiataria dourada. Possui decote quadrado e aplica\u00e7\u00e3o de el\u00e1stico no ombro, al\u00e9m de bot\u00f5es n\u00e3o funcionais no busto. Manga bufante com detalhe de bordado maquinado e punho fechado. Saia no modelo evas\u00ea com aplica\u00e7\u00e3o de duas marias e detalhes em dourado na alfaiataria. [&hellip;]<\/p>\n","protected":false},"featured_media":7062,"comment_status":"open","ping_status":"closed","template":"","meta":{"_joinchat":[]},"product_brand":[],"product_cat":[210,116],"product_tag":[],"class_list":{"0":"post-7061","1":"product","2":"type-product","3":"status-publish","4":"has-post-thumbnail","6":"product_cat-vestido-midi","7":"product_cat-vestidos","9":"first","10":"instock","11":"sale","12":"shipping-taxable","13":"purchasable","14":"product-type-variable"},"_links":{"self":[{"href":"https:\/\/viamorenno.com.br\/en\/wp-json\/wp\/v2\/product\/7061","targetHints":{"allow":["GET"]}}],"collection":[{"href":"https:\/\/viamorenno.com.br\/en\/wp-json\/wp\/v2\/product"}],"about":[{"href":"https:\/\/viamorenno.com.br\/en\/wp-json\/wp\/v2\/types\/product"}],"replies":[{"embeddable":true,"href":"https:\/\/viamorenno.com.br\/en\/wp-json\/wp\/v2\/comments?post=7061"}],"version-history":[{"count":0,"href":"https:\/\/viamorenno.com.br\/en\/wp-json\/wp\/v2\/product\/7061\/revisions"}],"wp:featuredmedia":[{"embeddable":true,"href":"https:\/\/viamorenno.com.br\/en\/wp-json\/wp\/v2\/media\/7062"}],"wp:attachment":[{"href":"https:\/\/viamorenno.com.br\/en\/wp-json\/wp\/v2\/media?parent=7061"}],"wp:term":[{"taxonomy":"product_brand","embeddable":true,"href":"https:\/\/viamorenno.com.br\/en\/wp-json\/wp\/v2\/product_brand?post=7061"},{"taxonomy":"product_cat","embeddable":true,"href":"https:\/\/viamorenno.com.br\/en\/wp-json\/wp\/v2\/product_cat?post=7061"},{"taxonomy":"product_tag","embeddable":true,"href":"https:\/\/viamorenno.com.br\/en\/wp-json\/wp\/v2\/product_tag?post=7061"}],"curies":[{"name":"wp","href":"https:\/\/api.w.org\/{rel}","templated":true}]}}