{"id":7067,"date":"2025-12-26T19:50:09","date_gmt":"2025-12-26T19:50:09","guid":{"rendered":"https:\/\/viamorenno.com.br\/?post_type=product&#038;p=7067"},"modified":"2026-01-30T16:54:56","modified_gmt":"2026-01-30T16:54:56","slug":"vestido-lorena","status":"publish","type":"product","link":"https:\/\/viamorenno.com.br\/en\/product\/vestido-lorena\/","title":{"rendered":"Vestido Lorena"},"content":{"rendered":"<p>Vestido longo em tecido de sedinha estampada floral. Possui gola padre com aplica\u00e7\u00e3o de bot\u00f5es fake e renda guipir no busto e na cintura. As mangas s\u00e3o modelo princesa, levemente bufantes, com aplica\u00e7\u00e3o de lastex no punho, formando um mini babado. A saia \u00e9 no modelo evas\u00ea, com aplica\u00e7\u00e3o de uma maria. Possui z\u00edper nas costas e forro interno.<\/p>\n<p>P: busto 88 cm | cintura 70 cm | comprimento 146 cm<br \/>\nM: busto 92 cm | cintura 74 cm | comprimento 147 cm<br \/>\nG: busto 96 cm | cintura 78 cm | comprimento 148 cm<\/p>","protected":false},"excerpt":{"rendered":"<p>Vestido longo em tecido de sedinha estampada floral. Possui gola padre com aplica\u00e7\u00e3o de bot\u00f5es fake e renda guipir no busto e na cintura. As mangas s\u00e3o modelo princesa, levemente bufantes, com aplica\u00e7\u00e3o de lastex no punho, formando um mini babado. A saia \u00e9 no modelo evas\u00ea, com aplica\u00e7\u00e3o de uma maria. Possui z\u00edper nas [&hellip;]<\/p>\n","protected":false},"featured_media":7068,"comment_status":"open","ping_status":"closed","template":"","meta":{"_joinchat":[]},"product_brand":[],"product_cat":[118,116],"product_tag":[],"class_list":{"0":"post-7067","1":"product","2":"type-product","3":"status-publish","4":"has-post-thumbnail","6":"product_cat-vestido-longo","7":"product_cat-vestidos","9":"first","10":"instock","11":"shipping-taxable","12":"purchasable","13":"product-type-variable"},"_links":{"self":[{"href":"https:\/\/viamorenno.com.br\/en\/wp-json\/wp\/v2\/product\/7067","targetHints":{"allow":["GET"]}}],"collection":[{"href":"https:\/\/viamorenno.com.br\/en\/wp-json\/wp\/v2\/product"}],"about":[{"href":"https:\/\/viamorenno.com.br\/en\/wp-json\/wp\/v2\/types\/product"}],"replies":[{"embeddable":true,"href":"https:\/\/viamorenno.com.br\/en\/wp-json\/wp\/v2\/comments?post=7067"}],"version-history":[{"count":0,"href":"https:\/\/viamorenno.com.br\/en\/wp-json\/wp\/v2\/product\/7067\/revisions"}],"wp:featuredmedia":[{"embeddable":true,"href":"https:\/\/viamorenno.com.br\/en\/wp-json\/wp\/v2\/media\/7068"}],"wp:attachment":[{"href":"https:\/\/viamorenno.com.br\/en\/wp-json\/wp\/v2\/media?parent=7067"}],"wp:term":[{"taxonomy":"product_brand","embeddable":true,"href":"https:\/\/viamorenno.com.br\/en\/wp-json\/wp\/v2\/product_brand?post=7067"},{"taxonomy":"product_cat","embeddable":true,"href":"https:\/\/viamorenno.com.br\/en\/wp-json\/wp\/v2\/product_cat?post=7067"},{"taxonomy":"product_tag","embeddable":true,"href":"https:\/\/viamorenno.com.br\/en\/wp-json\/wp\/v2\/product_tag?post=7067"}],"curies":[{"name":"wp","href":"https:\/\/api.w.org\/{rel}","templated":true}]}}