{"id":7089,"date":"2025-12-29T19:17:08","date_gmt":"2025-12-29T19:17:08","guid":{"rendered":"https:\/\/viamorenno.com.br\/?post_type=product&#038;p=7089"},"modified":"2026-01-17T16:44:59","modified_gmt":"2026-01-17T16:44:59","slug":"vestido-carmen","status":"publish","type":"product","link":"https:\/\/viamorenno.com.br\/en\/product\/vestido-carmen\/","title":{"rendered":"Vestido Carmen"},"content":{"rendered":"<p>Vestido midi confeccionado em cambraia bordada. Possui gola padre, aplica\u00e7\u00e3o de guipir e pregas verticais no busto. As mangas s\u00e3o do tipo princesa, com efeito bufante, aplica\u00e7\u00e3o de renda guipir e el\u00e1stico nos punhos.<br \/>\nA saia apresenta modelagem evas\u00ea, com aplica\u00e7\u00e3o de maria e detalhe de saia sobreposta. Conta com z\u00edper nas costas e forro interno, garantindo melhor acabamento e conforto.<\/p>\n<p>Tabela de Medidas (cm):<br \/>\nPP: Busto 92 | Cintura 70 | Quadril 108 | Comprimento 128<br \/>\nP: Busto 96 | Cintura 74 | Quadril 112 | Comprimento 129<br \/>\nG: Busto 104 | Cintura 82 | Quadril 120 | Comprimento 131<\/p>","protected":false},"excerpt":{"rendered":"<p>Vestido midi confeccionado em cambraia bordada. Possui gola padre, aplica\u00e7\u00e3o de guipir e pregas verticais no busto. As mangas s\u00e3o do tipo princesa, com efeito bufante, aplica\u00e7\u00e3o de renda guipir e el\u00e1stico nos punhos. A saia apresenta modelagem evas\u00ea, com aplica\u00e7\u00e3o de maria e detalhe de saia sobreposta. Conta com z\u00edper nas costas e forro [&hellip;]<\/p>\n","protected":false},"featured_media":7090,"comment_status":"open","ping_status":"closed","template":"","meta":{"_joinchat":[]},"product_brand":[],"product_cat":[116],"product_tag":[],"class_list":{"0":"post-7089","1":"product","2":"type-product","3":"status-publish","4":"has-post-thumbnail","6":"product_cat-vestidos","8":"first","9":"instock","10":"shipping-taxable","11":"purchasable","12":"product-type-variable"},"_links":{"self":[{"href":"https:\/\/viamorenno.com.br\/en\/wp-json\/wp\/v2\/product\/7089","targetHints":{"allow":["GET"]}}],"collection":[{"href":"https:\/\/viamorenno.com.br\/en\/wp-json\/wp\/v2\/product"}],"about":[{"href":"https:\/\/viamorenno.com.br\/en\/wp-json\/wp\/v2\/types\/product"}],"replies":[{"embeddable":true,"href":"https:\/\/viamorenno.com.br\/en\/wp-json\/wp\/v2\/comments?post=7089"}],"version-history":[{"count":0,"href":"https:\/\/viamorenno.com.br\/en\/wp-json\/wp\/v2\/product\/7089\/revisions"}],"wp:featuredmedia":[{"embeddable":true,"href":"https:\/\/viamorenno.com.br\/en\/wp-json\/wp\/v2\/media\/7090"}],"wp:attachment":[{"href":"https:\/\/viamorenno.com.br\/en\/wp-json\/wp\/v2\/media?parent=7089"}],"wp:term":[{"taxonomy":"product_brand","embeddable":true,"href":"https:\/\/viamorenno.com.br\/en\/wp-json\/wp\/v2\/product_brand?post=7089"},{"taxonomy":"product_cat","embeddable":true,"href":"https:\/\/viamorenno.com.br\/en\/wp-json\/wp\/v2\/product_cat?post=7089"},{"taxonomy":"product_tag","embeddable":true,"href":"https:\/\/viamorenno.com.br\/en\/wp-json\/wp\/v2\/product_tag?post=7089"}],"curies":[{"name":"wp","href":"https:\/\/api.w.org\/{rel}","templated":true}]}}