{"id":7174,"date":"2026-01-27T14:55:47","date_gmt":"2026-01-27T14:55:47","guid":{"rendered":"https:\/\/viamorenno.com.br\/?post_type=product&#038;p=7174"},"modified":"2026-01-29T18:18:23","modified_gmt":"2026-01-29T18:18:23","slug":"vestido-leidiane-tata-martello","status":"publish","type":"product","link":"https:\/\/viamorenno.com.br\/en\/product\/vestido-leidiane-tata-martello\/","title":{"rendered":"Vestido Leidiane Tat\u00e1 Martello"},"content":{"rendered":"<p>VESTIDO LEIDIANE &#8211; TAT\u00c1 MARTELLO<br \/>\nSOFISTICA\u00c7\u00c3O E ROMANCE<br \/>\nConfeccionado no sofisticado tecido crepe com po\u00e1 em alto relevo, o modelo apresenta uma silhueta marcante e rom\u00e2ntica, com destaque para o decote cora\u00e7\u00e3o que valoriza o colo de forma delicada. Totalmente forrado, garante conforto e discri\u00e7\u00e3o, enquanto as rendas aplicadas e os babados na saia conferem um toque feminino e atemporal. Possui z\u00edper nas costas para melhor ajuste ao corpo.<br \/>\nDetalhes do Produto:<br \/>\nTecido: Confeccionado em crepe com textura em alto relevo, que confere sofistica\u00e7\u00e3o ao visual.<br \/>\nDecote cora\u00e7\u00e3o: Valoriza o colo de forma rom\u00e2ntica e feminina.<br \/>\nRendas: Detalhes delicados que elevam a eleg\u00e2ncia da pe\u00e7a.<br \/>\nZ\u00edper nas costas: Fechamento discreto que garante praticidade e caimento perfeito.<br \/>\nMangas: Com leve volume, acrescentam charme e um toque de modernidade ao visual.<br \/>\nModelagem: Estrutura do vestido desenha o corpo de maneira suave e elegante.<br \/>\nForro: Possui forro interno para mais discri\u00e7\u00e3o e seguran\u00e7a no uso.<\/p>","protected":false},"excerpt":{"rendered":"<p>VESTIDO LEIDIANE &#8211; TAT\u00c1 MARTELLO SOFISTICA\u00c7\u00c3O E ROMANCE Confeccionado no sofisticado tecido crepe com po\u00e1 em alto relevo, o modelo apresenta uma silhueta marcante e rom\u00e2ntica, com destaque para o decote cora\u00e7\u00e3o que valoriza o colo de forma delicada. Totalmente forrado, garante conforto e discri\u00e7\u00e3o, enquanto as rendas aplicadas e os babados na saia conferem [&hellip;]<\/p>\n","protected":false},"featured_media":7175,"comment_status":"open","ping_status":"closed","template":"","meta":{"_joinchat":[]},"product_brand":[],"product_cat":[294,116],"product_tag":[],"class_list":{"0":"post-7174","1":"product","2":"type-product","3":"status-publish","4":"has-post-thumbnail","6":"product_cat-tata-martello","7":"product_cat-vestidos","9":"first","10":"instock","11":"shipping-taxable","12":"purchasable","13":"product-type-variable"},"_links":{"self":[{"href":"https:\/\/viamorenno.com.br\/en\/wp-json\/wp\/v2\/product\/7174","targetHints":{"allow":["GET"]}}],"collection":[{"href":"https:\/\/viamorenno.com.br\/en\/wp-json\/wp\/v2\/product"}],"about":[{"href":"https:\/\/viamorenno.com.br\/en\/wp-json\/wp\/v2\/types\/product"}],"replies":[{"embeddable":true,"href":"https:\/\/viamorenno.com.br\/en\/wp-json\/wp\/v2\/comments?post=7174"}],"version-history":[{"count":0,"href":"https:\/\/viamorenno.com.br\/en\/wp-json\/wp\/v2\/product\/7174\/revisions"}],"wp:featuredmedia":[{"embeddable":true,"href":"https:\/\/viamorenno.com.br\/en\/wp-json\/wp\/v2\/media\/7175"}],"wp:attachment":[{"href":"https:\/\/viamorenno.com.br\/en\/wp-json\/wp\/v2\/media?parent=7174"}],"wp:term":[{"taxonomy":"product_brand","embeddable":true,"href":"https:\/\/viamorenno.com.br\/en\/wp-json\/wp\/v2\/product_brand?post=7174"},{"taxonomy":"product_cat","embeddable":true,"href":"https:\/\/viamorenno.com.br\/en\/wp-json\/wp\/v2\/product_cat?post=7174"},{"taxonomy":"product_tag","embeddable":true,"href":"https:\/\/viamorenno.com.br\/en\/wp-json\/wp\/v2\/product_tag?post=7174"}],"curies":[{"name":"wp","href":"https:\/\/api.w.org\/{rel}","templated":true}]}}