{"id":7185,"date":"2026-01-27T15:16:36","date_gmt":"2026-01-27T15:16:36","guid":{"rendered":"https:\/\/viamorenno.com.br\/?post_type=product&#038;p=7185"},"modified":"2026-03-14T16:50:02","modified_gmt":"2026-03-14T16:50:02","slug":"vestido-3","status":"publish","type":"product","link":"https:\/\/viamorenno.com.br\/en\/product\/vestido-3\/","title":{"rendered":"Vestido Janys Tat\u00e1 Martello"},"content":{"rendered":"<p>VESTIDO JANYS &#8211; TATA MARTELLO<br \/>\nCONFORTO CASUAL<br \/>\nEste vestido curto em malha \u00e9 a combina\u00e7\u00e3o perfeita entre sofistica\u00e7\u00e3o casual e conforto absoluto. Com caimento ajustado ao corpo e elasticidade equilibrada, valoriza a silhueta com naturalidade, sendo ideal para o dia a dia ou ocasi\u00f5es descontra\u00eddas onde o estilo continua sendo prioridade.<br \/>\nDetalhes do Produto:<br \/>\nTecido: Malha encorpada, macia e com excelente elasticidade, garantindo mobilidade e toque agrad\u00e1vel durante todo o uso.<br \/>\nModelagem: Tubinho levemente ajustado, com estrutura que acompanha o corpo sem marcar, proporcionando eleg\u00e2ncia e conforto.<br \/>\nGola: Decote redondo cl\u00e1ssico, que alonga visualmente e harmoniza com a proposta da pe\u00e7a.<br \/>\nMangas: Curtas e confort\u00e1veis, trazendo equil\u00edbrio e funcionalidade ao modelo.<br \/>\nForro: Interno que garante seguran\u00e7a e conforto no uso.<br \/>\nObserva\u00e7\u00e3o: Pe\u00e7as com estampas (listras, geom\u00e9tricas, florais, abstratas, animal print) podem apresentar varia\u00e7\u00f5es no encontro dos padr\u00f5es devido ao corte do tecido. Essas varia\u00e7\u00f5es s\u00e3o naturais do processo de confec\u00e7\u00e3o que torna cada pe\u00e7a \u00fanica, n\u00e3o sendo um defeito de fabrica\u00e7\u00e3o.<\/p>","protected":false},"excerpt":{"rendered":"<p>VESTIDO JANYS &#8211; TATA MARTELLO CONFORTO CASUAL Este vestido curto em malha \u00e9 a combina\u00e7\u00e3o perfeita entre sofistica\u00e7\u00e3o casual e conforto absoluto. Com caimento ajustado ao corpo e elasticidade equilibrada, valoriza a silhueta com naturalidade, sendo ideal para o dia a dia ou ocasi\u00f5es descontra\u00eddas onde o estilo continua sendo prioridade. Detalhes do Produto: Tecido: [&hellip;]<\/p>\n","protected":false},"featured_media":7186,"comment_status":"open","ping_status":"closed","template":"","meta":{"_joinchat":[]},"product_brand":[],"product_cat":[294,116],"product_tag":[],"class_list":{"0":"post-7185","1":"product","2":"type-product","3":"status-publish","4":"has-post-thumbnail","6":"product_cat-tata-martello","7":"product_cat-vestidos","9":"first","10":"instock","11":"shipping-taxable","12":"purchasable","13":"product-type-variable"},"_links":{"self":[{"href":"https:\/\/viamorenno.com.br\/en\/wp-json\/wp\/v2\/product\/7185","targetHints":{"allow":["GET"]}}],"collection":[{"href":"https:\/\/viamorenno.com.br\/en\/wp-json\/wp\/v2\/product"}],"about":[{"href":"https:\/\/viamorenno.com.br\/en\/wp-json\/wp\/v2\/types\/product"}],"replies":[{"embeddable":true,"href":"https:\/\/viamorenno.com.br\/en\/wp-json\/wp\/v2\/comments?post=7185"}],"version-history":[{"count":0,"href":"https:\/\/viamorenno.com.br\/en\/wp-json\/wp\/v2\/product\/7185\/revisions"}],"wp:featuredmedia":[{"embeddable":true,"href":"https:\/\/viamorenno.com.br\/en\/wp-json\/wp\/v2\/media\/7186"}],"wp:attachment":[{"href":"https:\/\/viamorenno.com.br\/en\/wp-json\/wp\/v2\/media?parent=7185"}],"wp:term":[{"taxonomy":"product_brand","embeddable":true,"href":"https:\/\/viamorenno.com.br\/en\/wp-json\/wp\/v2\/product_brand?post=7185"},{"taxonomy":"product_cat","embeddable":true,"href":"https:\/\/viamorenno.com.br\/en\/wp-json\/wp\/v2\/product_cat?post=7185"},{"taxonomy":"product_tag","embeddable":true,"href":"https:\/\/viamorenno.com.br\/en\/wp-json\/wp\/v2\/product_tag?post=7185"}],"curies":[{"name":"wp","href":"https:\/\/api.w.org\/{rel}","templated":true}]}}