{"id":7292,"date":"2026-02-07T15:05:49","date_gmt":"2026-02-07T15:05:49","guid":{"rendered":"https:\/\/viamorenno.com.br\/?post_type=product&#038;p=7292"},"modified":"2026-02-07T15:16:50","modified_gmt":"2026-02-07T15:16:50","slug":"vestido-debora","status":"publish","type":"product","link":"https:\/\/viamorenno.com.br\/en\/product\/vestido-debora\/","title":{"rendered":"Vestido D\u00e9bora"},"content":{"rendered":"<p>Vestido no modelo longo, confeccionado em tecido sedinha estampada, com estampa exclusiva Rosa Pink. Possui decote princesa com aplica\u00e7\u00e3o de bot\u00f5es n\u00e3o funcionais no busto e aplica\u00e7\u00e3o de vivo no busto, na cintura e na manga. Conta com manga p\u00e9tala. A saia \u00e9 no modelo evas\u00ea, com franzido na cintura e barrado com estampa floral. Possui forro e z\u00edper nas costas.<\/p>","protected":false},"excerpt":{"rendered":"<p>Vestido no modelo longo, confeccionado em tecido sedinha estampada, com estampa exclusiva Rosa Pink. Possui decote princesa com aplica\u00e7\u00e3o de bot\u00f5es n\u00e3o funcionais no busto e aplica\u00e7\u00e3o de vivo no busto, na cintura e na manga. Conta com manga p\u00e9tala. A saia \u00e9 no modelo evas\u00ea, com franzido na cintura e barrado com estampa floral. [&hellip;]<\/p>\n","protected":false},"featured_media":7294,"comment_status":"open","ping_status":"closed","template":"","meta":{"_joinchat":[]},"product_brand":[],"product_cat":[118,116],"product_tag":[],"class_list":{"0":"post-7292","1":"product","2":"type-product","3":"status-publish","4":"has-post-thumbnail","6":"product_cat-vestido-longo","7":"product_cat-vestidos","9":"first","10":"instock","11":"shipping-taxable","12":"purchasable","13":"product-type-variable"},"_links":{"self":[{"href":"https:\/\/viamorenno.com.br\/en\/wp-json\/wp\/v2\/product\/7292","targetHints":{"allow":["GET"]}}],"collection":[{"href":"https:\/\/viamorenno.com.br\/en\/wp-json\/wp\/v2\/product"}],"about":[{"href":"https:\/\/viamorenno.com.br\/en\/wp-json\/wp\/v2\/types\/product"}],"replies":[{"embeddable":true,"href":"https:\/\/viamorenno.com.br\/en\/wp-json\/wp\/v2\/comments?post=7292"}],"version-history":[{"count":0,"href":"https:\/\/viamorenno.com.br\/en\/wp-json\/wp\/v2\/product\/7292\/revisions"}],"wp:featuredmedia":[{"embeddable":true,"href":"https:\/\/viamorenno.com.br\/en\/wp-json\/wp\/v2\/media\/7294"}],"wp:attachment":[{"href":"https:\/\/viamorenno.com.br\/en\/wp-json\/wp\/v2\/media?parent=7292"}],"wp:term":[{"taxonomy":"product_brand","embeddable":true,"href":"https:\/\/viamorenno.com.br\/en\/wp-json\/wp\/v2\/product_brand?post=7292"},{"taxonomy":"product_cat","embeddable":true,"href":"https:\/\/viamorenno.com.br\/en\/wp-json\/wp\/v2\/product_cat?post=7292"},{"taxonomy":"product_tag","embeddable":true,"href":"https:\/\/viamorenno.com.br\/en\/wp-json\/wp\/v2\/product_tag?post=7292"}],"curies":[{"name":"wp","href":"https:\/\/api.w.org\/{rel}","templated":true}]}}