{"id":7377,"date":"2026-02-12T17:37:15","date_gmt":"2026-02-12T17:37:15","guid":{"rendered":"https:\/\/viamorenno.com.br\/?post_type=product&#038;p=7377"},"modified":"2026-02-27T20:24:21","modified_gmt":"2026-02-27T20:24:21","slug":"vestido-oasis","status":"publish","type":"product","link":"https:\/\/viamorenno.com.br\/en\/product\/vestido-oasis\/","title":{"rendered":"Vestido O\u00e1sis"},"content":{"rendered":"<p>Vestido longo na sedinha com estampa localizada. Possui decote cora\u00e7\u00e3o com aplica\u00e7\u00e3o de bot\u00f5es n\u00e3o funcionais. Possui manga god\u00ea em camadas. Saia longa no modelo evas\u00ea com aplica\u00e7\u00e3o de 1 maria e renda guipir na horizontal. Possui z\u00edper nas costas. Possui forro.<\/p>\n<p>Tamanhos e Medidas<br \/>\nG |\u00a0 \u00a0 Busto: 98 |\u00a0 \u00a0 Cintura: 80 |\u00a0 \u00a0 Quadril:\u00a0 Evas\u00ea |\u00a0 \u00a0 \u00a0Comprimento: 152<\/p>","protected":false},"excerpt":{"rendered":"<p>Vestido longo na sedinha com estampa localizada. Possui decote cora\u00e7\u00e3o com aplica\u00e7\u00e3o de bot\u00f5es n\u00e3o funcionais. Possui manga god\u00ea em camadas. Saia longa no modelo evas\u00ea com aplica\u00e7\u00e3o de 1 maria e renda guipir na horizontal. Possui z\u00edper nas costas. Possui forro. Tamanhos e Medidas G |\u00a0 \u00a0 Busto: 98 |\u00a0 \u00a0 Cintura: 80 |\u00a0 [&hellip;]<\/p>\n","protected":false},"featured_media":7382,"comment_status":"open","ping_status":"closed","template":"","meta":{"_joinchat":[]},"product_brand":[],"product_cat":[116],"product_tag":[],"class_list":{"0":"post-7377","1":"product","2":"type-product","3":"status-publish","4":"has-post-thumbnail","6":"product_cat-vestidos","8":"first","9":"instock","10":"shipping-taxable","11":"purchasable","12":"product-type-variable"},"_links":{"self":[{"href":"https:\/\/viamorenno.com.br\/en\/wp-json\/wp\/v2\/product\/7377","targetHints":{"allow":["GET"]}}],"collection":[{"href":"https:\/\/viamorenno.com.br\/en\/wp-json\/wp\/v2\/product"}],"about":[{"href":"https:\/\/viamorenno.com.br\/en\/wp-json\/wp\/v2\/types\/product"}],"replies":[{"embeddable":true,"href":"https:\/\/viamorenno.com.br\/en\/wp-json\/wp\/v2\/comments?post=7377"}],"version-history":[{"count":0,"href":"https:\/\/viamorenno.com.br\/en\/wp-json\/wp\/v2\/product\/7377\/revisions"}],"wp:featuredmedia":[{"embeddable":true,"href":"https:\/\/viamorenno.com.br\/en\/wp-json\/wp\/v2\/media\/7382"}],"wp:attachment":[{"href":"https:\/\/viamorenno.com.br\/en\/wp-json\/wp\/v2\/media?parent=7377"}],"wp:term":[{"taxonomy":"product_brand","embeddable":true,"href":"https:\/\/viamorenno.com.br\/en\/wp-json\/wp\/v2\/product_brand?post=7377"},{"taxonomy":"product_cat","embeddable":true,"href":"https:\/\/viamorenno.com.br\/en\/wp-json\/wp\/v2\/product_cat?post=7377"},{"taxonomy":"product_tag","embeddable":true,"href":"https:\/\/viamorenno.com.br\/en\/wp-json\/wp\/v2\/product_tag?post=7377"}],"curies":[{"name":"wp","href":"https:\/\/api.w.org\/{rel}","templated":true}]}}