{"id":7383,"date":"2026-02-12T20:21:20","date_gmt":"2026-02-12T20:21:20","guid":{"rendered":"https:\/\/viamorenno.com.br\/?post_type=product&#038;p=7383"},"modified":"2026-02-14T18:34:51","modified_gmt":"2026-02-14T18:34:51","slug":"vestido-maressa","status":"publish","type":"product","link":"https:\/\/viamorenno.com.br\/en\/product\/vestido-maressa\/","title":{"rendered":"Vestido Maressa"},"content":{"rendered":"<p>Vestido lady like no modelo salopete fake. Possui gola boneca com aplica\u00e7\u00e3o de bot\u00f5es funcionais e manga curta no tecido tricoline listrado.<br \/>\nSalopete fake na alfaiataria com detalhe de recorte horizontal no busto. Saia no modelo god\u00ea com nesgas. Possui z\u00edper nas costas. Possui forro.<\/p>\n<p>PP<br \/>\nBusto: 88<br \/>\nCintura: 70<br \/>\nQuadril: GOD\u00ca<br \/>\nComprimento: 109<\/p>\n<p>P<br \/>\nBusto: 92<br \/>\nCintura: 74<br \/>\nQuadril: GOD\u00ca<br \/>\nComprimento: 110<\/p>\n<p>M<br \/>\nBusto: 96<br \/>\nCintura: 78<br \/>\nQuadril: GOD\u00ca<br \/>\nComprimento: 111<\/p>\n<p>G<br \/>\nBusto: 100<br \/>\nCintura: 82<br \/>\nQuadril: GOD\u00ca<br \/>\nComprimento: 112<\/p>","protected":false},"excerpt":{"rendered":"<p>Vestido lady like no modelo salopete fake. Possui gola boneca com aplica\u00e7\u00e3o de bot\u00f5es funcionais e manga curta no tecido tricoline listrado. Salopete fake na alfaiataria com detalhe de recorte horizontal no busto. Saia no modelo god\u00ea com nesgas. Possui z\u00edper nas costas. Possui forro. PP Busto: 88 Cintura: 70 Quadril: GOD\u00ca Comprimento: 109 P [&hellip;]<\/p>\n","protected":false},"featured_media":7385,"comment_status":"open","ping_status":"closed","template":"","meta":{"_joinchat":[]},"product_brand":[],"product_cat":[15],"product_tag":[],"class_list":{"0":"post-7383","1":"product","2":"type-product","3":"status-publish","4":"has-post-thumbnail","6":"product_cat-sem-categoria","8":"first","9":"instock","10":"shipping-taxable","11":"purchasable","12":"product-type-variable"},"_links":{"self":[{"href":"https:\/\/viamorenno.com.br\/en\/wp-json\/wp\/v2\/product\/7383","targetHints":{"allow":["GET"]}}],"collection":[{"href":"https:\/\/viamorenno.com.br\/en\/wp-json\/wp\/v2\/product"}],"about":[{"href":"https:\/\/viamorenno.com.br\/en\/wp-json\/wp\/v2\/types\/product"}],"replies":[{"embeddable":true,"href":"https:\/\/viamorenno.com.br\/en\/wp-json\/wp\/v2\/comments?post=7383"}],"version-history":[{"count":0,"href":"https:\/\/viamorenno.com.br\/en\/wp-json\/wp\/v2\/product\/7383\/revisions"}],"wp:featuredmedia":[{"embeddable":true,"href":"https:\/\/viamorenno.com.br\/en\/wp-json\/wp\/v2\/media\/7385"}],"wp:attachment":[{"href":"https:\/\/viamorenno.com.br\/en\/wp-json\/wp\/v2\/media?parent=7383"}],"wp:term":[{"taxonomy":"product_brand","embeddable":true,"href":"https:\/\/viamorenno.com.br\/en\/wp-json\/wp\/v2\/product_brand?post=7383"},{"taxonomy":"product_cat","embeddable":true,"href":"https:\/\/viamorenno.com.br\/en\/wp-json\/wp\/v2\/product_cat?post=7383"},{"taxonomy":"product_tag","embeddable":true,"href":"https:\/\/viamorenno.com.br\/en\/wp-json\/wp\/v2\/product_tag?post=7383"}],"curies":[{"name":"wp","href":"https:\/\/api.w.org\/{rel}","templated":true}]}}