{"id":7389,"date":"2026-02-12T20:29:23","date_gmt":"2026-02-12T20:29:23","guid":{"rendered":"https:\/\/viamorenno.com.br\/?post_type=product&#038;p=7389"},"modified":"2026-02-14T18:00:26","modified_gmt":"2026-02-14T18:00:26","slug":"vestido-aura","status":"publish","type":"product","link":"https:\/\/viamorenno.com.br\/en\/product\/vestido-aura\/","title":{"rendered":"Vestido Aura"},"content":{"rendered":"<p>Vestido no modelo lady like no tecido tricoline liso. Possui decote canoa e manga curta com leve franzido no ombro. Possui detalhe de recortes no busto e acompanha cinto com bot\u00f5es e aplica\u00e7\u00e3o de flor confeccionada \u00e0 m\u00e3o. Saia no modelo evas\u00ea com detalhe de caimento em \u201cO\u201d e aplica\u00e7\u00e3o de pregas. Possui z\u00edper nas costas. Possui forro.<\/p>\n<p>PP\u00a0 \u00a0 Busto: 90\u00a0 \u00a0 \u00a0 Cintura: 72\u00a0 \u00a0 \u00a0 Quadril:\u00a0 100\u00a0 \u00a0 \u00a0 Comprimento: 112<br \/>\nP\u00a0 \u00a0 \u00a0 \u00a0Busto: 94\u00a0 \u00a0 \u00a0 Cintura: 76\u00a0 \u00a0 \u00a0 Quadril: 104\u00a0 \u00a0 \u00a0 \u00a0Comprimento: 113<br \/>\nM\u00a0 \u00a0 \u00a0 Busto: 98\u00a0 \u00a0 \u00a0 Cintura: 80\u00a0 \u00a0 \u00a0 Quadril: 108\u00a0 \u00a0 \u00a0Comprimemnto: 114<br \/>\nG\u00a0 \u00a0 \u00a0 \u00a0Busto: 102\u00a0 \u00a0 \u00a0Cintura: 84\u00a0 \u00a0 \u00a0 Quadril: 112\u00a0 \u00a0 \u00a0 \u00a0Comprimento: 115<\/p>","protected":false},"excerpt":{"rendered":"<p>Vestido no modelo lady like no tecido tricoline liso. Possui decote canoa e manga curta com leve franzido no ombro. Possui detalhe de recortes no busto e acompanha cinto com bot\u00f5es e aplica\u00e7\u00e3o de flor confeccionada \u00e0 m\u00e3o. Saia no modelo evas\u00ea com detalhe de caimento em \u201cO\u201d e aplica\u00e7\u00e3o de pregas. Possui z\u00edper nas [&hellip;]<\/p>\n","protected":false},"featured_media":7390,"comment_status":"open","ping_status":"closed","template":"","meta":{"_joinchat":[]},"product_brand":[],"product_cat":[15],"product_tag":[],"class_list":{"0":"post-7389","1":"product","2":"type-product","3":"status-publish","4":"has-post-thumbnail","6":"product_cat-sem-categoria","8":"first","9":"instock","10":"shipping-taxable","11":"purchasable","12":"product-type-variable"},"_links":{"self":[{"href":"https:\/\/viamorenno.com.br\/en\/wp-json\/wp\/v2\/product\/7389","targetHints":{"allow":["GET"]}}],"collection":[{"href":"https:\/\/viamorenno.com.br\/en\/wp-json\/wp\/v2\/product"}],"about":[{"href":"https:\/\/viamorenno.com.br\/en\/wp-json\/wp\/v2\/types\/product"}],"replies":[{"embeddable":true,"href":"https:\/\/viamorenno.com.br\/en\/wp-json\/wp\/v2\/comments?post=7389"}],"version-history":[{"count":0,"href":"https:\/\/viamorenno.com.br\/en\/wp-json\/wp\/v2\/product\/7389\/revisions"}],"wp:featuredmedia":[{"embeddable":true,"href":"https:\/\/viamorenno.com.br\/en\/wp-json\/wp\/v2\/media\/7390"}],"wp:attachment":[{"href":"https:\/\/viamorenno.com.br\/en\/wp-json\/wp\/v2\/media?parent=7389"}],"wp:term":[{"taxonomy":"product_brand","embeddable":true,"href":"https:\/\/viamorenno.com.br\/en\/wp-json\/wp\/v2\/product_brand?post=7389"},{"taxonomy":"product_cat","embeddable":true,"href":"https:\/\/viamorenno.com.br\/en\/wp-json\/wp\/v2\/product_cat?post=7389"},{"taxonomy":"product_tag","embeddable":true,"href":"https:\/\/viamorenno.com.br\/en\/wp-json\/wp\/v2\/product_tag?post=7389"}],"curies":[{"name":"wp","href":"https:\/\/api.w.org\/{rel}","templated":true}]}}