{"id":7395,"date":"2026-02-12T20:43:25","date_gmt":"2026-02-12T20:43:25","guid":{"rendered":"https:\/\/viamorenno.com.br\/?post_type=product&#038;p=7395"},"modified":"2026-04-04T02:23:48","modified_gmt":"2026-04-04T02:23:48","slug":"vestido-zara","status":"publish","type":"product","link":"https:\/\/viamorenno.com.br\/en\/product\/vestido-zara\/","title":{"rendered":"Vestido Zara"},"content":{"rendered":"<p>Vestido no modelo lady like no tecido tricoline sem elastano. Possui decote quadrado com aplica\u00e7\u00e3o de bot\u00f5es n\u00e3o funcionais no busto. Possui detalhe de pesponto no busto e manga curta levemente bufante com detalhe de bordado Richelieu. Saia no modelo god\u00ea. Possui aplica\u00e7\u00e3o de z\u00edper nas costas. Possui forro.<br \/>\nPP \u2013 Busto: 90 |\u00a0 \u00a0 \u00a0Cintura: 70 | God\u00ea | 106<br \/>\nP \u2013\u00a0 \u00a0 Busto: 94 |\u00a0 \u00a0 \u00a0 Cintura: 74 | God\u00ea | 107<br \/>\nM \u2013\u00a0 \u00a0Busto: 98 |\u00a0 \u00a0 \u00a0 \u00a0Cintura: 78 | God\u00ea | 108<br \/>\nG \u2013\u00a0 \u00a0 Busto: 102 |\u00a0 \u00a0 82 | God\u00ea | 109<br \/>\nGG \u2013\u00a0 \u00a0Busto: 106 | 86 | God\u00ea | 110<\/p>","protected":false},"excerpt":{"rendered":"<p>Vestido no modelo lady like no tecido tricoline sem elastano. Possui decote quadrado com aplica\u00e7\u00e3o de bot\u00f5es n\u00e3o funcionais no busto. Possui detalhe de pesponto no busto e manga curta levemente bufante com detalhe de bordado Richelieu. Saia no modelo god\u00ea. Possui aplica\u00e7\u00e3o de z\u00edper nas costas. Possui forro. PP \u2013 Busto: 90 |\u00a0 \u00a0 [&hellip;]<\/p>\n","protected":false},"featured_media":7396,"comment_status":"open","ping_status":"closed","template":"","meta":{"_joinchat":[]},"product_brand":[],"product_cat":[15],"product_tag":[],"class_list":{"0":"post-7395","1":"product","2":"type-product","3":"status-publish","4":"has-post-thumbnail","6":"product_cat-sem-categoria","8":"first","9":"instock","10":"shipping-taxable","11":"purchasable","12":"product-type-variable"},"_links":{"self":[{"href":"https:\/\/viamorenno.com.br\/en\/wp-json\/wp\/v2\/product\/7395","targetHints":{"allow":["GET"]}}],"collection":[{"href":"https:\/\/viamorenno.com.br\/en\/wp-json\/wp\/v2\/product"}],"about":[{"href":"https:\/\/viamorenno.com.br\/en\/wp-json\/wp\/v2\/types\/product"}],"replies":[{"embeddable":true,"href":"https:\/\/viamorenno.com.br\/en\/wp-json\/wp\/v2\/comments?post=7395"}],"version-history":[{"count":0,"href":"https:\/\/viamorenno.com.br\/en\/wp-json\/wp\/v2\/product\/7395\/revisions"}],"wp:featuredmedia":[{"embeddable":true,"href":"https:\/\/viamorenno.com.br\/en\/wp-json\/wp\/v2\/media\/7396"}],"wp:attachment":[{"href":"https:\/\/viamorenno.com.br\/en\/wp-json\/wp\/v2\/media?parent=7395"}],"wp:term":[{"taxonomy":"product_brand","embeddable":true,"href":"https:\/\/viamorenno.com.br\/en\/wp-json\/wp\/v2\/product_brand?post=7395"},{"taxonomy":"product_cat","embeddable":true,"href":"https:\/\/viamorenno.com.br\/en\/wp-json\/wp\/v2\/product_cat?post=7395"},{"taxonomy":"product_tag","embeddable":true,"href":"https:\/\/viamorenno.com.br\/en\/wp-json\/wp\/v2\/product_tag?post=7395"}],"curies":[{"name":"wp","href":"https:\/\/api.w.org\/{rel}","templated":true}]}}