{"id":7926,"date":"2026-04-09T11:33:07","date_gmt":"2026-04-09T11:33:07","guid":{"rendered":"https:\/\/viamorenno.com.br\/?post_type=product&#038;p=7926"},"modified":"2026-04-09T17:09:43","modified_gmt":"2026-04-09T17:09:43","slug":"vestido-isadora","status":"publish","type":"product","link":"https:\/\/viamorenno.com.br\/en\/product\/vestido-isadora\/","title":{"rendered":"Vestido Isadora"},"content":{"rendered":"<p>VESTIDO NO MODELO TUBINHO NO TECIDO DE TWEED EM COMPOS\u00ca COM SEDINHA PLISSADA. POSSUI DECOTE QUADRADO COM APLICA\u00c7\u00c3O DE LAPELAS FAKES E BOT\u00d5ES N\u00c3O FUNCIONAIS NO BUSTO. POSSUI MANGA \u00be COM APLICA\u00c7\u00c3O DE SEDINHAS FORMANDO UM BABADINHO.<br \/>\nACOMPANHA CINTO DE COURO COM FIVELA DOURADA. SAIA NO MODELO TUBINHO COM APLICA\u00c7\u00c3O DE BABADO EM SEDINHA PLISSADA. POSSUI Z\u00cdPER NAS COSTAS. POSSUI FORRO.<\/p>\n<table class=\"w-fit min-w-(--thread-content-width)\" data-start=\"41\" data-end=\"263\" data-is-last-node=\"\" data-is-only-node=\"\">\n<thead data-start=\"41\" data-end=\"94\">\n<tr data-start=\"41\" data-end=\"94\">\n<th class=\"\" data-start=\"41\" data-end=\"51\" data-col-size=\"sm\">Tamanho<\/th>\n<th class=\"\" data-start=\"51\" data-end=\"59\" data-col-size=\"sm\">Busto<\/th>\n<th class=\"\" data-start=\"59\" data-end=\"69\" data-col-size=\"sm\">Cintura<\/th>\n<th class=\"\" data-start=\"69\" data-end=\"79\" data-col-size=\"sm\">Quadril<\/th>\n<th class=\"\" data-start=\"79\" data-end=\"94\" data-col-size=\"sm\">Comprimento<\/th>\n<\/tr>\n<\/thead>\n<tbody data-start=\"149\" data-end=\"263\" data-is-last-node=\"\">\n<tr data-start=\"149\" data-end=\"176\">\n<td data-start=\"149\" data-end=\"153\" data-col-size=\"sm\">P<\/td>\n<td data-col-size=\"sm\" data-start=\"153\" data-end=\"158\">92<\/td>\n<td data-col-size=\"sm\" data-start=\"158\" data-end=\"163\">74<\/td>\n<td data-col-size=\"sm\" data-start=\"163\" data-end=\"169\">102<\/td>\n<td data-col-size=\"sm\" data-start=\"169\" data-end=\"176\">100<\/td>\n<\/tr>\n<tr data-start=\"177\" data-end=\"204\">\n<td data-start=\"177\" data-end=\"181\" data-col-size=\"sm\">M<\/td>\n<td data-col-size=\"sm\" data-start=\"181\" data-end=\"186\">96<\/td>\n<td data-col-size=\"sm\" data-start=\"186\" data-end=\"191\">78<\/td>\n<td data-col-size=\"sm\" data-start=\"191\" data-end=\"197\">106<\/td>\n<td data-col-size=\"sm\" data-start=\"197\" data-end=\"204\">101<\/td>\n<\/tr>\n<tr data-start=\"205\" data-end=\"233\">\n<td data-start=\"205\" data-end=\"209\" data-col-size=\"sm\">G<\/td>\n<td data-col-size=\"sm\" data-start=\"209\" data-end=\"215\">100<\/td>\n<td data-col-size=\"sm\" data-start=\"215\" data-end=\"220\">82<\/td>\n<td data-col-size=\"sm\" data-start=\"220\" data-end=\"226\">110<\/td>\n<td data-col-size=\"sm\" data-start=\"226\" data-end=\"233\">102<\/td>\n<\/tr>\n<tr data-start=\"234\" data-end=\"263\" data-is-last-node=\"\">\n<td data-start=\"234\" data-end=\"239\" data-col-size=\"sm\">GG<\/td>\n<td data-col-size=\"sm\" data-start=\"239\" data-end=\"245\">104<\/td>\n<td data-col-size=\"sm\" data-start=\"245\" data-end=\"250\">86<\/td>\n<td data-col-size=\"sm\" data-start=\"250\" data-end=\"256\">114<\/td>\n<td data-col-size=\"sm\" data-start=\"256\" data-end=\"263\" data-is-last-node=\"\">103<\/td>\n<\/tr>\n<\/tbody>\n<\/table>","protected":false},"excerpt":{"rendered":"<p>VESTIDO NO MODELO TUBINHO NO TECIDO DE TWEED EM COMPOS\u00ca COM SEDINHA PLISSADA. POSSUI DECOTE QUADRADO COM APLICA\u00c7\u00c3O DE LAPELAS FAKES E BOT\u00d5ES N\u00c3O FUNCIONAIS NO BUSTO. POSSUI MANGA \u00be COM APLICA\u00c7\u00c3O DE SEDINHAS FORMANDO UM BABADINHO. ACOMPANHA CINTO DE COURO COM FIVELA DOURADA. SAIA NO MODELO TUBINHO COM APLICA\u00c7\u00c3O DE BABADO EM SEDINHA PLISSADA. [&hellip;]<\/p>\n","protected":false},"featured_media":8077,"comment_status":"open","ping_status":"closed","template":"","meta":{"_joinchat":[]},"product_brand":[],"product_cat":[116],"product_tag":[],"class_list":{"0":"post-7926","1":"product","2":"type-product","3":"status-publish","4":"has-post-thumbnail","6":"product_cat-vestidos","8":"first","9":"instock","10":"shipping-taxable","11":"purchasable","12":"product-type-variable"},"_links":{"self":[{"href":"https:\/\/viamorenno.com.br\/en\/wp-json\/wp\/v2\/product\/7926","targetHints":{"allow":["GET"]}}],"collection":[{"href":"https:\/\/viamorenno.com.br\/en\/wp-json\/wp\/v2\/product"}],"about":[{"href":"https:\/\/viamorenno.com.br\/en\/wp-json\/wp\/v2\/types\/product"}],"replies":[{"embeddable":true,"href":"https:\/\/viamorenno.com.br\/en\/wp-json\/wp\/v2\/comments?post=7926"}],"version-history":[{"count":1,"href":"https:\/\/viamorenno.com.br\/en\/wp-json\/wp\/v2\/product\/7926\/revisions"}],"predecessor-version":[{"id":8078,"href":"https:\/\/viamorenno.com.br\/en\/wp-json\/wp\/v2\/product\/7926\/revisions\/8078"}],"wp:featuredmedia":[{"embeddable":true,"href":"https:\/\/viamorenno.com.br\/en\/wp-json\/wp\/v2\/media\/8077"}],"wp:attachment":[{"href":"https:\/\/viamorenno.com.br\/en\/wp-json\/wp\/v2\/media?parent=7926"}],"wp:term":[{"taxonomy":"product_brand","embeddable":true,"href":"https:\/\/viamorenno.com.br\/en\/wp-json\/wp\/v2\/product_brand?post=7926"},{"taxonomy":"product_cat","embeddable":true,"href":"https:\/\/viamorenno.com.br\/en\/wp-json\/wp\/v2\/product_cat?post=7926"},{"taxonomy":"product_tag","embeddable":true,"href":"https:\/\/viamorenno.com.br\/en\/wp-json\/wp\/v2\/product_tag?post=7926"}],"curies":[{"name":"wp","href":"https:\/\/api.w.org\/{rel}","templated":true}]}}