{"id":7940,"date":"2026-04-09T11:46:37","date_gmt":"2026-04-09T11:46:37","guid":{"rendered":"https:\/\/viamorenno.com.br\/?post_type=product&#038;p=7940"},"modified":"2026-04-09T17:08:01","modified_gmt":"2026-04-09T17:08:01","slug":"vestido-barbara","status":"publish","type":"product","link":"https:\/\/viamorenno.com.br\/en\/product\/vestido-barbara\/","title":{"rendered":"Vestido B\u00e1rbara"},"content":{"rendered":"<p>VESTIDO TUBINHO NO MODELO SALOPETE FAKE NA CAMUR\u00c7A AVELUDADA EM COMPOS\u00ca COM SEDINHA LISA. POSSUI GOLA &#8220;O&#8221; COM APLICA\u00c7\u00c3O DE RENDA GUIPIR. BUSTO NA SEDINHA COM PREGAS THOMAS VERTICAIS E APLICA\u00c7\u00c3O DE BOT\u00d5ES FUNCIONAIS E RENDA MARCANDO A SEPARA\u00c7\u00c3O. POSSUI MANGA LONGA BUFANTE COM PUNHO FECHADO COM APLICA\u00c7\u00c3O DE RENDA GUIPIR E BOT\u00d5ES FUNCIONAIS. SAIA NO MODELO TUBINHO COM DETALHE DE MINI FENDA NA PARTE DE TR\u00c1S. POSSUI Z\u00cdPER NAS COSTAS. POSSUI FORRO.<\/p>\n<h3 data-start=\"554\" data-end=\"575\">TABELA DE MEDIDAS<\/h3>\n<div class=\"TyagGW_tableContainer\">\n<div class=\"group TyagGW_tableWrapper flex flex-col-reverse w-fit\" tabindex=\"-1\">\n<table class=\"w-fit min-w-(--thread-content-width)\" data-start=\"577\" data-end=\"796\" data-is-last-node=\"\" data-is-only-node=\"\">\n<thead data-start=\"577\" data-end=\"630\">\n<tr data-start=\"577\" data-end=\"630\">\n<th class=\"\" data-start=\"577\" data-end=\"587\" data-col-size=\"sm\">Tamanho<\/th>\n<th class=\"\" data-start=\"587\" data-end=\"595\" data-col-size=\"sm\">Busto<\/th>\n<th class=\"\" data-start=\"595\" data-end=\"605\" data-col-size=\"sm\">Cintura<\/th>\n<th class=\"\" data-start=\"605\" data-end=\"615\" data-col-size=\"sm\">Quadril<\/th>\n<th class=\"\" data-start=\"615\" data-end=\"630\" data-col-size=\"sm\">Comprimento<\/th>\n<\/tr>\n<\/thead>\n<tbody data-start=\"685\" data-end=\"796\" data-is-last-node=\"\">\n<tr data-start=\"685\" data-end=\"712\">\n<td data-start=\"685\" data-end=\"690\" data-col-size=\"sm\">PP<\/td>\n<td data-col-size=\"sm\" data-start=\"690\" data-end=\"695\">88<\/td>\n<td data-col-size=\"sm\" data-start=\"695\" data-end=\"700\">66<\/td>\n<td data-col-size=\"sm\" data-start=\"700\" data-end=\"705\">94<\/td>\n<td data-col-size=\"sm\" data-start=\"705\" data-end=\"712\">100<\/td>\n<\/tr>\n<tr data-start=\"713\" data-end=\"739\">\n<td data-start=\"713\" data-end=\"717\" data-col-size=\"sm\">P<\/td>\n<td data-col-size=\"sm\" data-start=\"717\" data-end=\"722\">92<\/td>\n<td data-col-size=\"sm\" data-start=\"722\" data-end=\"727\">70<\/td>\n<td data-col-size=\"sm\" data-start=\"727\" data-end=\"732\">98<\/td>\n<td data-col-size=\"sm\" data-start=\"732\" data-end=\"739\">101<\/td>\n<\/tr>\n<tr data-start=\"740\" data-end=\"767\">\n<td data-start=\"740\" data-end=\"744\" data-col-size=\"sm\">M<\/td>\n<td data-col-size=\"sm\" data-start=\"744\" data-end=\"749\">96<\/td>\n<td data-col-size=\"sm\" data-start=\"749\" data-end=\"754\">74<\/td>\n<td data-col-size=\"sm\" data-start=\"754\" data-end=\"760\">102<\/td>\n<td data-col-size=\"sm\" data-start=\"760\" data-end=\"767\">102<\/td>\n<\/tr>\n<tr data-start=\"768\" data-end=\"796\" data-is-last-node=\"\">\n<td data-start=\"768\" data-end=\"772\" data-col-size=\"sm\">G<\/td>\n<td data-col-size=\"sm\" data-start=\"772\" data-end=\"778\">100<\/td>\n<td data-col-size=\"sm\" data-start=\"778\" data-end=\"783\">78<\/td>\n<td data-col-size=\"sm\" data-start=\"783\" data-end=\"789\">106<\/td>\n<td data-col-size=\"sm\" data-start=\"789\" data-end=\"796\" data-is-last-node=\"\">103<\/td>\n<\/tr>\n<\/tbody>\n<\/table>\n<\/div>\n<\/div>","protected":false},"excerpt":{"rendered":"<p>VESTIDO TUBINHO NO MODELO SALOPETE FAKE NA CAMUR\u00c7A AVELUDADA EM COMPOS\u00ca COM SEDINHA LISA. POSSUI GOLA &#8220;O&#8221; COM APLICA\u00c7\u00c3O DE RENDA GUIPIR. BUSTO NA SEDINHA COM PREGAS THOMAS VERTICAIS E APLICA\u00c7\u00c3O DE BOT\u00d5ES FUNCIONAIS E RENDA MARCANDO A SEPARA\u00c7\u00c3O. POSSUI MANGA LONGA BUFANTE COM PUNHO FECHADO COM APLICA\u00c7\u00c3O DE RENDA GUIPIR E BOT\u00d5ES FUNCIONAIS. SAIA [&hellip;]<\/p>\n","protected":false},"featured_media":8075,"comment_status":"open","ping_status":"closed","template":"","meta":{"_joinchat":[]},"product_brand":[],"product_cat":[116],"product_tag":[],"class_list":{"0":"post-7940","1":"product","2":"type-product","3":"status-publish","4":"has-post-thumbnail","6":"product_cat-vestidos","8":"first","9":"instock","10":"shipping-taxable","11":"purchasable","12":"product-type-variable"},"_links":{"self":[{"href":"https:\/\/viamorenno.com.br\/en\/wp-json\/wp\/v2\/product\/7940","targetHints":{"allow":["GET"]}}],"collection":[{"href":"https:\/\/viamorenno.com.br\/en\/wp-json\/wp\/v2\/product"}],"about":[{"href":"https:\/\/viamorenno.com.br\/en\/wp-json\/wp\/v2\/types\/product"}],"replies":[{"embeddable":true,"href":"https:\/\/viamorenno.com.br\/en\/wp-json\/wp\/v2\/comments?post=7940"}],"version-history":[{"count":1,"href":"https:\/\/viamorenno.com.br\/en\/wp-json\/wp\/v2\/product\/7940\/revisions"}],"predecessor-version":[{"id":8076,"href":"https:\/\/viamorenno.com.br\/en\/wp-json\/wp\/v2\/product\/7940\/revisions\/8076"}],"wp:featuredmedia":[{"embeddable":true,"href":"https:\/\/viamorenno.com.br\/en\/wp-json\/wp\/v2\/media\/8075"}],"wp:attachment":[{"href":"https:\/\/viamorenno.com.br\/en\/wp-json\/wp\/v2\/media?parent=7940"}],"wp:term":[{"taxonomy":"product_brand","embeddable":true,"href":"https:\/\/viamorenno.com.br\/en\/wp-json\/wp\/v2\/product_brand?post=7940"},{"taxonomy":"product_cat","embeddable":true,"href":"https:\/\/viamorenno.com.br\/en\/wp-json\/wp\/v2\/product_cat?post=7940"},{"taxonomy":"product_tag","embeddable":true,"href":"https:\/\/viamorenno.com.br\/en\/wp-json\/wp\/v2\/product_tag?post=7940"}],"curies":[{"name":"wp","href":"https:\/\/api.w.org\/{rel}","templated":true}]}}