{"id":7951,"date":"2026-04-09T11:58:25","date_gmt":"2026-04-09T11:58:25","guid":{"rendered":"https:\/\/viamorenno.com.br\/?post_type=product&#038;p=7951"},"modified":"2026-04-09T17:06:10","modified_gmt":"2026-04-09T17:06:10","slug":"vestido-aline","status":"publish","type":"product","link":"https:\/\/viamorenno.com.br\/en\/product\/vestido-aline\/","title":{"rendered":"Vestido Aline"},"content":{"rendered":"<p>VESTIDO NO MODELO TUBINHO NA RENDA DE ALGOD\u00c3O TRABALHADA COM BABADOS. POSSUI DECOTE CORA\u00c7\u00c3O E APLICA\u00c7\u00c3O DE BOT\u00d5ES ENCAPADOS N\u00c3O FUNCIONAIS E RENDA GUIPIR VERTICAL NO BUSTO. POSSUI MANGA \u00be LEVEMENTE BUFANTE COM APLICA\u00c7\u00c3O DE RENDA NO PUNHO FORMANDO BABADO. SAIA NO MODELO TUBINHO COM APLICA\u00c7\u00c3O DE BABADO NO BARRADO. POSSUI Z\u00cdPER NAS COSTAS. POSSUI FORRO.<\/p>\n<h3 data-start=\"457\" data-end=\"478\">TABELA DE MEDIDAS<\/h3>\n<div class=\"TyagGW_tableContainer\">\n<div class=\"group TyagGW_tableWrapper flex flex-col-reverse w-fit\" tabindex=\"-1\">\n<table class=\"w-fit min-w-(--thread-content-width)\" data-start=\"480\" data-end=\"702\" data-is-last-node=\"\" data-is-only-node=\"\">\n<thead data-start=\"480\" data-end=\"533\">\n<tr data-start=\"480\" data-end=\"533\">\n<th class=\"\" data-start=\"480\" data-end=\"490\" data-col-size=\"sm\">Tamanho<\/th>\n<th class=\"\" data-start=\"490\" data-end=\"498\" data-col-size=\"sm\">Busto<\/th>\n<th class=\"\" data-start=\"498\" data-end=\"508\" data-col-size=\"sm\">Cintura<\/th>\n<th class=\"\" data-start=\"508\" data-end=\"518\" data-col-size=\"sm\">Quadril<\/th>\n<th class=\"\" data-start=\"518\" data-end=\"533\" data-col-size=\"sm\">Comprimento<\/th>\n<\/tr>\n<\/thead>\n<tbody data-start=\"588\" data-end=\"702\" data-is-last-node=\"\">\n<tr data-start=\"588\" data-end=\"615\">\n<td data-start=\"588\" data-end=\"592\" data-col-size=\"sm\">P<\/td>\n<td data-start=\"592\" data-end=\"597\" data-col-size=\"sm\">94<\/td>\n<td data-start=\"597\" data-end=\"602\" data-col-size=\"sm\">72<\/td>\n<td data-start=\"602\" data-end=\"608\" data-col-size=\"sm\">100<\/td>\n<td data-start=\"608\" data-end=\"615\" data-col-size=\"sm\">107<\/td>\n<\/tr>\n<tr data-start=\"616\" data-end=\"643\">\n<td data-start=\"616\" data-end=\"620\" data-col-size=\"sm\">M<\/td>\n<td data-start=\"620\" data-end=\"625\" data-col-size=\"sm\">98<\/td>\n<td data-start=\"625\" data-end=\"630\" data-col-size=\"sm\">76<\/td>\n<td data-start=\"630\" data-end=\"636\" data-col-size=\"sm\">104<\/td>\n<td data-start=\"636\" data-end=\"643\" data-col-size=\"sm\">108<\/td>\n<\/tr>\n<tr data-start=\"644\" data-end=\"672\">\n<td data-start=\"644\" data-end=\"648\" data-col-size=\"sm\">G<\/td>\n<td data-start=\"648\" data-end=\"654\" data-col-size=\"sm\">102<\/td>\n<td data-start=\"654\" data-end=\"659\" data-col-size=\"sm\">80<\/td>\n<td data-start=\"659\" data-end=\"665\" data-col-size=\"sm\">108<\/td>\n<td data-start=\"665\" data-end=\"672\" data-col-size=\"sm\">109<\/td>\n<\/tr>\n<tr data-start=\"673\" data-end=\"702\" data-is-last-node=\"\">\n<td data-start=\"673\" data-end=\"678\" data-col-size=\"sm\">GG<\/td>\n<td data-start=\"678\" data-end=\"684\" data-col-size=\"sm\">106<\/td>\n<td data-start=\"684\" data-end=\"689\" data-col-size=\"sm\">84<\/td>\n<td data-start=\"689\" data-end=\"695\" data-col-size=\"sm\">112<\/td>\n<td data-start=\"695\" data-end=\"702\" data-is-last-node=\"\" data-col-size=\"sm\">110<\/td>\n<\/tr>\n<\/tbody>\n<\/table>\n<\/div>\n<\/div>","protected":false},"excerpt":{"rendered":"<p>VESTIDO NO MODELO TUBINHO NA RENDA DE ALGOD\u00c3O TRABALHADA COM BABADOS. POSSUI DECOTE CORA\u00c7\u00c3O E APLICA\u00c7\u00c3O DE BOT\u00d5ES ENCAPADOS N\u00c3O FUNCIONAIS E RENDA GUIPIR VERTICAL NO BUSTO. POSSUI MANGA \u00be LEVEMENTE BUFANTE COM APLICA\u00c7\u00c3O DE RENDA NO PUNHO FORMANDO BABADO. SAIA NO MODELO TUBINHO COM APLICA\u00c7\u00c3O DE BABADO NO BARRADO. POSSUI Z\u00cdPER NAS COSTAS. POSSUI [&hellip;]<\/p>\n","protected":false},"featured_media":8073,"comment_status":"open","ping_status":"closed","template":"","meta":{"_joinchat":[]},"product_brand":[],"product_cat":[15],"product_tag":[],"class_list":{"0":"post-7951","1":"product","2":"type-product","3":"status-publish","4":"has-post-thumbnail","6":"product_cat-sem-categoria","8":"first","9":"instock","10":"shipping-taxable","11":"purchasable","12":"product-type-variable"},"_links":{"self":[{"href":"https:\/\/viamorenno.com.br\/en\/wp-json\/wp\/v2\/product\/7951","targetHints":{"allow":["GET"]}}],"collection":[{"href":"https:\/\/viamorenno.com.br\/en\/wp-json\/wp\/v2\/product"}],"about":[{"href":"https:\/\/viamorenno.com.br\/en\/wp-json\/wp\/v2\/types\/product"}],"replies":[{"embeddable":true,"href":"https:\/\/viamorenno.com.br\/en\/wp-json\/wp\/v2\/comments?post=7951"}],"version-history":[{"count":1,"href":"https:\/\/viamorenno.com.br\/en\/wp-json\/wp\/v2\/product\/7951\/revisions"}],"predecessor-version":[{"id":8074,"href":"https:\/\/viamorenno.com.br\/en\/wp-json\/wp\/v2\/product\/7951\/revisions\/8074"}],"wp:featuredmedia":[{"embeddable":true,"href":"https:\/\/viamorenno.com.br\/en\/wp-json\/wp\/v2\/media\/8073"}],"wp:attachment":[{"href":"https:\/\/viamorenno.com.br\/en\/wp-json\/wp\/v2\/media?parent=7951"}],"wp:term":[{"taxonomy":"product_brand","embeddable":true,"href":"https:\/\/viamorenno.com.br\/en\/wp-json\/wp\/v2\/product_brand?post=7951"},{"taxonomy":"product_cat","embeddable":true,"href":"https:\/\/viamorenno.com.br\/en\/wp-json\/wp\/v2\/product_cat?post=7951"},{"taxonomy":"product_tag","embeddable":true,"href":"https:\/\/viamorenno.com.br\/en\/wp-json\/wp\/v2\/product_tag?post=7951"}],"curies":[{"name":"wp","href":"https:\/\/api.w.org\/{rel}","templated":true}]}}