{"id":7963,"date":"2026-04-09T12:09:36","date_gmt":"2026-04-09T12:09:36","guid":{"rendered":"https:\/\/viamorenno.com.br\/?post_type=product&#038;p=7963"},"modified":"2026-04-09T12:09:37","modified_gmt":"2026-04-09T12:09:37","slug":"vestido-luiza","status":"publish","type":"product","link":"https:\/\/viamorenno.com.br\/en\/product\/vestido-luiza\/","title":{"rendered":"Vestido Luiza"},"content":{"rendered":"<p>VESTIDO NO MODELO CHEMISE LADY LIKE NO COURO PREMIUM EM COMPOS\u00ca COM RENDA TRABALHADA. POSSUI GOLA BONECA E APLICA\u00c7\u00c3O DE BOT\u00d5ES FUNCIONAIS ENCAPADOS EM TODA A FRENTE DO VESTIDO. POSSUI APLICA\u00c7\u00c3O DE RENDA TRABALHADA NO BUSTO E POSSUI MANGA CURTA COM PUNHO FECHADO. ACOMPANHA CINTO\/FAIXA DE COURO COM FIVELA DOURADA. SAIA NO MODELO GOD\u00ca COM RECORTES. POSSUI FORRO.<\/p>\n<h3 data-start=\"461\" data-end=\"482\">TABELA DE MEDIDAS<\/h3>\n<div class=\"TyagGW_tableContainer\">\n<div class=\"group TyagGW_tableWrapper flex flex-col-reverse w-fit\" tabindex=\"-1\">\n<table class=\"w-fit min-w-(--thread-content-width)\" data-start=\"484\" data-end=\"682\" data-is-last-node=\"\" data-is-only-node=\"\">\n<thead data-start=\"484\" data-end=\"537\">\n<tr data-start=\"484\" data-end=\"537\">\n<th class=\"\" data-start=\"484\" data-end=\"494\" data-col-size=\"sm\">Tamanho<\/th>\n<th class=\"\" data-start=\"494\" data-end=\"502\" data-col-size=\"sm\">Busto<\/th>\n<th class=\"\" data-start=\"502\" data-end=\"512\" data-col-size=\"sm\">Cintura<\/th>\n<th class=\"\" data-start=\"512\" data-end=\"522\" data-col-size=\"sm\">Quadril<\/th>\n<th class=\"\" data-start=\"522\" data-end=\"537\" data-col-size=\"sm\">Comprimento<\/th>\n<\/tr>\n<\/thead>\n<tbody data-start=\"592\" data-end=\"682\" data-is-last-node=\"\">\n<tr data-start=\"592\" data-end=\"621\">\n<td data-start=\"592\" data-end=\"596\" data-col-size=\"sm\">P<\/td>\n<td data-start=\"596\" data-end=\"601\" data-col-size=\"sm\">92<\/td>\n<td data-start=\"601\" data-end=\"606\" data-col-size=\"sm\">76<\/td>\n<td data-start=\"606\" data-end=\"614\" data-col-size=\"sm\">EVAS\u00ca<\/td>\n<td data-start=\"614\" data-end=\"621\" data-col-size=\"sm\">110<\/td>\n<\/tr>\n<tr data-start=\"622\" data-end=\"651\">\n<td data-start=\"622\" data-end=\"626\" data-col-size=\"sm\">M<\/td>\n<td data-start=\"626\" data-end=\"631\" data-col-size=\"sm\">96<\/td>\n<td data-start=\"631\" data-end=\"636\" data-col-size=\"sm\">80<\/td>\n<td data-start=\"636\" data-end=\"644\" data-col-size=\"sm\">EVAS\u00ca<\/td>\n<td data-start=\"644\" data-end=\"651\" data-col-size=\"sm\">111<\/td>\n<\/tr>\n<tr data-start=\"652\" data-end=\"682\" data-is-last-node=\"\">\n<td data-start=\"652\" data-end=\"656\" data-col-size=\"sm\">G<\/td>\n<td data-start=\"656\" data-end=\"662\" data-col-size=\"sm\">100<\/td>\n<td data-start=\"662\" data-end=\"667\" data-col-size=\"sm\">84<\/td>\n<td data-start=\"667\" data-end=\"675\" data-col-size=\"sm\">EVAS\u00ca<\/td>\n<td data-start=\"675\" data-end=\"682\" data-is-last-node=\"\" data-col-size=\"sm\">112<\/td>\n<\/tr>\n<\/tbody>\n<\/table>\n<\/div>\n<\/div>","protected":false},"excerpt":{"rendered":"<p>VESTIDO NO MODELO CHEMISE LADY LIKE NO COURO PREMIUM EM COMPOS\u00ca COM RENDA TRABALHADA. POSSUI GOLA BONECA E APLICA\u00c7\u00c3O DE BOT\u00d5ES FUNCIONAIS ENCAPADOS EM TODA A FRENTE DO VESTIDO. POSSUI APLICA\u00c7\u00c3O DE RENDA TRABALHADA NO BUSTO E POSSUI MANGA CURTA COM PUNHO FECHADO. ACOMPANHA CINTO\/FAIXA DE COURO COM FIVELA DOURADA. SAIA NO MODELO GOD\u00ca COM [&hellip;]<\/p>\n","protected":false},"featured_media":7966,"comment_status":"open","ping_status":"closed","template":"","meta":{"_joinchat":[]},"product_brand":[],"product_cat":[116],"product_tag":[],"class_list":{"0":"post-7963","1":"product","2":"type-product","3":"status-publish","4":"has-post-thumbnail","6":"product_cat-vestidos","8":"first","9":"instock","10":"shipping-taxable","11":"purchasable","12":"product-type-variable"},"_links":{"self":[{"href":"https:\/\/viamorenno.com.br\/en\/wp-json\/wp\/v2\/product\/7963","targetHints":{"allow":["GET"]}}],"collection":[{"href":"https:\/\/viamorenno.com.br\/en\/wp-json\/wp\/v2\/product"}],"about":[{"href":"https:\/\/viamorenno.com.br\/en\/wp-json\/wp\/v2\/types\/product"}],"replies":[{"embeddable":true,"href":"https:\/\/viamorenno.com.br\/en\/wp-json\/wp\/v2\/comments?post=7963"}],"version-history":[{"count":0,"href":"https:\/\/viamorenno.com.br\/en\/wp-json\/wp\/v2\/product\/7963\/revisions"}],"wp:featuredmedia":[{"embeddable":true,"href":"https:\/\/viamorenno.com.br\/en\/wp-json\/wp\/v2\/media\/7966"}],"wp:attachment":[{"href":"https:\/\/viamorenno.com.br\/en\/wp-json\/wp\/v2\/media?parent=7963"}],"wp:term":[{"taxonomy":"product_brand","embeddable":true,"href":"https:\/\/viamorenno.com.br\/en\/wp-json\/wp\/v2\/product_brand?post=7963"},{"taxonomy":"product_cat","embeddable":true,"href":"https:\/\/viamorenno.com.br\/en\/wp-json\/wp\/v2\/product_cat?post=7963"},{"taxonomy":"product_tag","embeddable":true,"href":"https:\/\/viamorenno.com.br\/en\/wp-json\/wp\/v2\/product_tag?post=7963"}],"curies":[{"name":"wp","href":"https:\/\/api.w.org\/{rel}","templated":true}]}}