{"id":7972,"date":"2026-04-09T12:22:04","date_gmt":"2026-04-09T12:22:04","guid":{"rendered":"https:\/\/viamorenno.com.br\/?post_type=product&#038;p=7972"},"modified":"2026-04-09T17:02:58","modified_gmt":"2026-04-09T17:02:58","slug":"vestido-samara","status":"publish","type":"product","link":"https:\/\/viamorenno.com.br\/en\/product\/vestido-samara\/","title":{"rendered":"Vestido Samara"},"content":{"rendered":"<p>VESTIDO NO MODELO LADY LIKE NA RENDA TRABALHADA COM SOBREPOSI\u00c7\u00d5ES. POSSUI DECOTE &#8220;V&#8221; COM APLICA\u00c7\u00c3O DE BOT\u00d5ES N\u00c3O FUNCIONAIS E RENDA GUIPIR NO BUSTO. POSSUI MANGA CURTA LEVEMENTE BUFANTE COM APLICA\u00c7\u00c3O DE RENDA GUIPIR NO EL\u00c1STICO FORMANDO BABADO E POSSUI FITA DE VELUDO FUNCIONAL PRA AMARRA\u00c7\u00c3O. POSSUI FITA DE VELUDO FIXA NA CINTURA PARA DETALHE DE LA\u00c7O. SAIA NO MODELO GOD\u00ca COM APLICA\u00c7\u00c3O DE BARRADO DUPLO. POSSUI Z\u00cdPER NAS COSTAS. POSSUI FORRO.<\/p>\n<h3 data-start=\"548\" data-end=\"569\">TABELA DE MEDIDAS<\/h3>\n<div class=\"TyagGW_tableContainer\">\n<div class=\"group TyagGW_tableWrapper flex flex-col-reverse w-fit\" tabindex=\"-1\">\n<table class=\"w-fit min-w-(--thread-content-width)\" data-start=\"571\" data-end=\"827\" data-is-last-node=\"\" data-is-only-node=\"\">\n<thead data-start=\"571\" data-end=\"624\">\n<tr data-start=\"571\" data-end=\"624\">\n<th class=\"\" data-start=\"571\" data-end=\"581\" data-col-size=\"sm\">Tamanho<\/th>\n<th class=\"\" data-start=\"581\" data-end=\"589\" data-col-size=\"sm\">Busto<\/th>\n<th class=\"\" data-start=\"589\" data-end=\"599\" data-col-size=\"sm\">Cintura<\/th>\n<th class=\"\" data-start=\"599\" data-end=\"609\" data-col-size=\"sm\">Quadril<\/th>\n<th class=\"\" data-start=\"609\" data-end=\"624\" data-col-size=\"sm\">Comprimento<\/th>\n<\/tr>\n<\/thead>\n<tbody data-start=\"679\" data-end=\"827\" data-is-last-node=\"\">\n<tr data-start=\"679\" data-end=\"708\">\n<td data-start=\"679\" data-end=\"684\" data-col-size=\"sm\">PP<\/td>\n<td data-col-size=\"sm\" data-start=\"684\" data-end=\"689\">88<\/td>\n<td data-col-size=\"sm\" data-start=\"689\" data-end=\"694\">72<\/td>\n<td data-col-size=\"sm\" data-start=\"694\" data-end=\"701\">GOD\u00ca<\/td>\n<td data-col-size=\"sm\" data-start=\"701\" data-end=\"708\">110<\/td>\n<\/tr>\n<tr data-start=\"709\" data-end=\"737\">\n<td data-start=\"709\" data-end=\"713\" data-col-size=\"sm\">P<\/td>\n<td data-col-size=\"sm\" data-start=\"713\" data-end=\"718\">92<\/td>\n<td data-col-size=\"sm\" data-start=\"718\" data-end=\"723\">76<\/td>\n<td data-col-size=\"sm\" data-start=\"723\" data-end=\"730\">GOD\u00ca<\/td>\n<td data-col-size=\"sm\" data-start=\"730\" data-end=\"737\">111<\/td>\n<\/tr>\n<tr data-start=\"738\" data-end=\"766\">\n<td data-start=\"738\" data-end=\"742\" data-col-size=\"sm\">M<\/td>\n<td data-col-size=\"sm\" data-start=\"742\" data-end=\"747\">96<\/td>\n<td data-col-size=\"sm\" data-start=\"747\" data-end=\"752\">80<\/td>\n<td data-col-size=\"sm\" data-start=\"752\" data-end=\"759\">GOD\u00ca<\/td>\n<td data-col-size=\"sm\" data-start=\"759\" data-end=\"766\">112<\/td>\n<\/tr>\n<tr data-start=\"767\" data-end=\"796\">\n<td data-start=\"767\" data-end=\"771\" data-col-size=\"sm\">G<\/td>\n<td data-col-size=\"sm\" data-start=\"771\" data-end=\"777\">100<\/td>\n<td data-col-size=\"sm\" data-start=\"777\" data-end=\"782\">84<\/td>\n<td data-col-size=\"sm\" data-start=\"782\" data-end=\"789\">GOD\u00ca<\/td>\n<td data-col-size=\"sm\" data-start=\"789\" data-end=\"796\">113<\/td>\n<\/tr>\n<tr data-start=\"797\" data-end=\"827\" data-is-last-node=\"\">\n<td data-start=\"797\" data-end=\"802\" data-col-size=\"sm\">GG<\/td>\n<td data-col-size=\"sm\" data-start=\"802\" data-end=\"808\">104<\/td>\n<td data-col-size=\"sm\" data-start=\"808\" data-end=\"813\">88<\/td>\n<td data-col-size=\"sm\" data-start=\"813\" data-end=\"820\">GOD\u00ca<\/td>\n<td data-col-size=\"sm\" data-start=\"820\" data-end=\"827\" data-is-last-node=\"\">114<\/td>\n<\/tr>\n<\/tbody>\n<\/table>\n<\/div>\n<\/div>","protected":false},"excerpt":{"rendered":"<p>VESTIDO NO MODELO LADY LIKE NA RENDA TRABALHADA COM SOBREPOSI\u00c7\u00d5ES. POSSUI DECOTE &#8220;V&#8221; COM APLICA\u00c7\u00c3O DE BOT\u00d5ES N\u00c3O FUNCIONAIS E RENDA GUIPIR NO BUSTO. POSSUI MANGA CURTA LEVEMENTE BUFANTE COM APLICA\u00c7\u00c3O DE RENDA GUIPIR NO EL\u00c1STICO FORMANDO BABADO E POSSUI FITA DE VELUDO FUNCIONAL PRA AMARRA\u00c7\u00c3O. POSSUI FITA DE VELUDO FIXA NA CINTURA PARA DETALHE [&hellip;]<\/p>\n","protected":false},"featured_media":8071,"comment_status":"open","ping_status":"closed","template":"","meta":{"_joinchat":[]},"product_brand":[],"product_cat":[116],"product_tag":[],"class_list":{"0":"post-7972","1":"product","2":"type-product","3":"status-publish","4":"has-post-thumbnail","6":"product_cat-vestidos","8":"first","9":"instock","10":"shipping-taxable","11":"purchasable","12":"product-type-variable"},"_links":{"self":[{"href":"https:\/\/viamorenno.com.br\/en\/wp-json\/wp\/v2\/product\/7972","targetHints":{"allow":["GET"]}}],"collection":[{"href":"https:\/\/viamorenno.com.br\/en\/wp-json\/wp\/v2\/product"}],"about":[{"href":"https:\/\/viamorenno.com.br\/en\/wp-json\/wp\/v2\/types\/product"}],"replies":[{"embeddable":true,"href":"https:\/\/viamorenno.com.br\/en\/wp-json\/wp\/v2\/comments?post=7972"}],"version-history":[{"count":1,"href":"https:\/\/viamorenno.com.br\/en\/wp-json\/wp\/v2\/product\/7972\/revisions"}],"predecessor-version":[{"id":8072,"href":"https:\/\/viamorenno.com.br\/en\/wp-json\/wp\/v2\/product\/7972\/revisions\/8072"}],"wp:featuredmedia":[{"embeddable":true,"href":"https:\/\/viamorenno.com.br\/en\/wp-json\/wp\/v2\/media\/8071"}],"wp:attachment":[{"href":"https:\/\/viamorenno.com.br\/en\/wp-json\/wp\/v2\/media?parent=7972"}],"wp:term":[{"taxonomy":"product_brand","embeddable":true,"href":"https:\/\/viamorenno.com.br\/en\/wp-json\/wp\/v2\/product_brand?post=7972"},{"taxonomy":"product_cat","embeddable":true,"href":"https:\/\/viamorenno.com.br\/en\/wp-json\/wp\/v2\/product_cat?post=7972"},{"taxonomy":"product_tag","embeddable":true,"href":"https:\/\/viamorenno.com.br\/en\/wp-json\/wp\/v2\/product_tag?post=7972"}],"curies":[{"name":"wp","href":"https:\/\/api.w.org\/{rel}","templated":true}]}}