{"id":7982,"date":"2026-04-09T12:33:37","date_gmt":"2026-04-09T12:33:37","guid":{"rendered":"https:\/\/viamorenno.com.br\/?post_type=product&#038;p=7982"},"modified":"2026-04-09T17:01:36","modified_gmt":"2026-04-09T17:01:36","slug":"vestido-lorena-2","status":"publish","type":"product","link":"https:\/\/viamorenno.com.br\/en\/product\/vestido-lorena-2\/","title":{"rendered":"Vestido Lorena"},"content":{"rendered":"<p>VESTIDO NO MODELO LADY LIKE NO TWEED ALFAIATARIA. POSSUI GOLA &#8220;O&#8221; COM APLICA\u00c7\u00c3O DE TRICOLINE PRETO MARCANDO PARTE DO BUSTO E NAS LAPELAS FAKES. POSSUI APLICA\u00c7\u00c3O DE BOT\u00d5ES N\u00c3O FUNCIONAIS NO BUSTO E NAS LAPELAS, POSSUI MANGA CURTA LEVEMENTE BUFANTE COM APLICA\u00c7\u00c3O DE EL\u00c1STICO E RENDA FORMANDO LEVE BABADO NO PUNHO. ACOMPANHA CINTO COM FIVELA DOURADA. SAIA NO MODELO GOD\u00ca COM PREGAS FRONTAIS. POSSUI Z\u00cdPER NAS COSTAS. POSSUI FORRO.<\/p>\n<h3 data-start=\"536\" data-end=\"557\">TABELA DE MEDIDAS<\/h3>\n<div class=\"TyagGW_tableContainer\">\n<div class=\"group TyagGW_tableWrapper flex flex-col-reverse w-fit\" tabindex=\"-1\">\n<table class=\"w-fit min-w-(--thread-content-width)\" data-start=\"559\" data-end=\"816\" data-is-last-node=\"\" data-is-only-node=\"\">\n<thead data-start=\"559\" data-end=\"612\">\n<tr data-start=\"559\" data-end=\"612\">\n<th class=\"\" data-start=\"559\" data-end=\"569\" data-col-size=\"sm\">Tamanho<\/th>\n<th class=\"\" data-start=\"569\" data-end=\"577\" data-col-size=\"sm\">Busto<\/th>\n<th class=\"\" data-start=\"577\" data-end=\"587\" data-col-size=\"sm\">Cintura<\/th>\n<th class=\"\" data-start=\"587\" data-end=\"597\" data-col-size=\"sm\">Quadril<\/th>\n<th class=\"\" data-start=\"597\" data-end=\"612\" data-col-size=\"sm\">Comprimento<\/th>\n<\/tr>\n<\/thead>\n<tbody data-start=\"667\" data-end=\"816\" data-is-last-node=\"\">\n<tr data-start=\"667\" data-end=\"696\">\n<td data-start=\"667\" data-end=\"672\" data-col-size=\"sm\">PP<\/td>\n<td data-col-size=\"sm\" data-start=\"672\" data-end=\"677\">94<\/td>\n<td data-col-size=\"sm\" data-start=\"677\" data-end=\"682\">72<\/td>\n<td data-col-size=\"sm\" data-start=\"682\" data-end=\"689\">GOD\u00ca<\/td>\n<td data-col-size=\"sm\" data-start=\"689\" data-end=\"696\">109<\/td>\n<\/tr>\n<tr data-start=\"697\" data-end=\"725\">\n<td data-start=\"697\" data-end=\"701\" data-col-size=\"sm\">P<\/td>\n<td data-col-size=\"sm\" data-start=\"701\" data-end=\"706\">98<\/td>\n<td data-col-size=\"sm\" data-start=\"706\" data-end=\"711\">76<\/td>\n<td data-col-size=\"sm\" data-start=\"711\" data-end=\"718\">GOD\u00ca<\/td>\n<td data-col-size=\"sm\" data-start=\"718\" data-end=\"725\">110<\/td>\n<\/tr>\n<tr data-start=\"726\" data-end=\"755\">\n<td data-start=\"726\" data-end=\"730\" data-col-size=\"sm\">M<\/td>\n<td data-col-size=\"sm\" data-start=\"730\" data-end=\"736\">102<\/td>\n<td data-col-size=\"sm\" data-start=\"736\" data-end=\"741\">80<\/td>\n<td data-col-size=\"sm\" data-start=\"741\" data-end=\"748\">GOD\u00ca<\/td>\n<td data-col-size=\"sm\" data-start=\"748\" data-end=\"755\">111<\/td>\n<\/tr>\n<tr data-start=\"756\" data-end=\"785\">\n<td data-start=\"756\" data-end=\"760\" data-col-size=\"sm\">G<\/td>\n<td data-col-size=\"sm\" data-start=\"760\" data-end=\"766\">106<\/td>\n<td data-col-size=\"sm\" data-start=\"766\" data-end=\"771\">84<\/td>\n<td data-col-size=\"sm\" data-start=\"771\" data-end=\"778\">GOD\u00ca<\/td>\n<td data-col-size=\"sm\" data-start=\"778\" data-end=\"785\">112<\/td>\n<\/tr>\n<tr data-start=\"786\" data-end=\"816\" data-is-last-node=\"\">\n<td data-start=\"786\" data-end=\"791\" data-col-size=\"sm\">GG<\/td>\n<td data-col-size=\"sm\" data-start=\"791\" data-end=\"797\">110<\/td>\n<td data-col-size=\"sm\" data-start=\"797\" data-end=\"802\">88<\/td>\n<td data-col-size=\"sm\" data-start=\"802\" data-end=\"809\">GOD\u00ca<\/td>\n<td data-col-size=\"sm\" data-start=\"809\" data-end=\"816\" data-is-last-node=\"\">113<\/td>\n<\/tr>\n<\/tbody>\n<\/table>\n<\/div>\n<\/div>","protected":false},"excerpt":{"rendered":"<p>VESTIDO NO MODELO LADY LIKE NO TWEED ALFAIATARIA. POSSUI GOLA &#8220;O&#8221; COM APLICA\u00c7\u00c3O DE TRICOLINE PRETO MARCANDO PARTE DO BUSTO E NAS LAPELAS FAKES. POSSUI APLICA\u00c7\u00c3O DE BOT\u00d5ES N\u00c3O FUNCIONAIS NO BUSTO E NAS LAPELAS, POSSUI MANGA CURTA LEVEMENTE BUFANTE COM APLICA\u00c7\u00c3O DE EL\u00c1STICO E RENDA FORMANDO LEVE BABADO NO PUNHO. ACOMPANHA CINTO COM FIVELA [&hellip;]<\/p>\n","protected":false},"featured_media":8069,"comment_status":"open","ping_status":"closed","template":"","meta":{"_joinchat":[]},"product_brand":[],"product_cat":[116],"product_tag":[],"class_list":{"0":"post-7982","1":"product","2":"type-product","3":"status-publish","4":"has-post-thumbnail","6":"product_cat-vestidos","8":"first","9":"instock","10":"shipping-taxable","11":"purchasable","12":"product-type-variable"},"_links":{"self":[{"href":"https:\/\/viamorenno.com.br\/en\/wp-json\/wp\/v2\/product\/7982","targetHints":{"allow":["GET"]}}],"collection":[{"href":"https:\/\/viamorenno.com.br\/en\/wp-json\/wp\/v2\/product"}],"about":[{"href":"https:\/\/viamorenno.com.br\/en\/wp-json\/wp\/v2\/types\/product"}],"replies":[{"embeddable":true,"href":"https:\/\/viamorenno.com.br\/en\/wp-json\/wp\/v2\/comments?post=7982"}],"version-history":[{"count":1,"href":"https:\/\/viamorenno.com.br\/en\/wp-json\/wp\/v2\/product\/7982\/revisions"}],"predecessor-version":[{"id":8070,"href":"https:\/\/viamorenno.com.br\/en\/wp-json\/wp\/v2\/product\/7982\/revisions\/8070"}],"wp:featuredmedia":[{"embeddable":true,"href":"https:\/\/viamorenno.com.br\/en\/wp-json\/wp\/v2\/media\/8069"}],"wp:attachment":[{"href":"https:\/\/viamorenno.com.br\/en\/wp-json\/wp\/v2\/media?parent=7982"}],"wp:term":[{"taxonomy":"product_brand","embeddable":true,"href":"https:\/\/viamorenno.com.br\/en\/wp-json\/wp\/v2\/product_brand?post=7982"},{"taxonomy":"product_cat","embeddable":true,"href":"https:\/\/viamorenno.com.br\/en\/wp-json\/wp\/v2\/product_cat?post=7982"},{"taxonomy":"product_tag","embeddable":true,"href":"https:\/\/viamorenno.com.br\/en\/wp-json\/wp\/v2\/product_tag?post=7982"}],"curies":[{"name":"wp","href":"https:\/\/api.w.org\/{rel}","templated":true}]}}