{"id":8008,"date":"2026-04-09T13:02:28","date_gmt":"2026-04-09T13:02:28","guid":{"rendered":"https:\/\/viamorenno.com.br\/?post_type=product&#038;p=8008"},"modified":"2026-04-09T16:59:43","modified_gmt":"2026-04-09T16:59:43","slug":"vestido-kate","status":"publish","type":"product","link":"https:\/\/viamorenno.com.br\/en\/product\/vestido-kate\/","title":{"rendered":"Vestido Kate"},"content":{"rendered":"<p>VESTIDO NO MODELO LADY LIKE NA SEDINHA ESTAMPADA. POSSUI MANGA LONGA COM PUNHO FECHADO COM APLICA\u00c7\u00c3O DE EL\u00c1STICO. POSSUI GOLA PADRE E POSSUI BOT\u00d5ES FUNCIONAIS E RENDA GUIPIR APLICADOS NO BUSTO. ACOMPANHA CINTO\/FAIXA PARA AMARRA\u00c7\u00c3O NO MESMO TECIDO DA PE\u00c7A. SAIA NO MODELO EVAS\u00ca COM APLICA\u00c7\u00c3O DE UMA MARIA FRANZIDA. POSSUI Z\u00cdPER NAS COSTAS. POSSUI FORRO.<\/p>\n<h3 data-start=\"455\" data-end=\"476\">TABELA DE MEDIDAS<\/h3>\n<div class=\"TyagGW_tableContainer\">\n<div class=\"group TyagGW_tableWrapper flex flex-col-reverse w-fit\" tabindex=\"-1\">\n<table class=\"w-fit min-w-(--thread-content-width)\" data-start=\"478\" data-end=\"707\" data-is-last-node=\"\" data-is-only-node=\"\">\n<thead data-start=\"478\" data-end=\"531\">\n<tr data-start=\"478\" data-end=\"531\">\n<th class=\"\" data-start=\"478\" data-end=\"488\" data-col-size=\"sm\">Tamanho<\/th>\n<th class=\"\" data-start=\"488\" data-end=\"496\" data-col-size=\"sm\">Busto<\/th>\n<th class=\"\" data-start=\"496\" data-end=\"506\" data-col-size=\"sm\">Cintura<\/th>\n<th class=\"\" data-start=\"506\" data-end=\"516\" data-col-size=\"sm\">Quadril<\/th>\n<th class=\"\" data-start=\"516\" data-end=\"531\" data-col-size=\"sm\">Comprimento<\/th>\n<\/tr>\n<\/thead>\n<tbody data-start=\"586\" data-end=\"707\" data-is-last-node=\"\">\n<tr data-start=\"586\" data-end=\"616\">\n<td data-start=\"586\" data-end=\"591\" data-col-size=\"sm\">PP<\/td>\n<td data-start=\"591\" data-end=\"596\" data-col-size=\"sm\">90<\/td>\n<td data-start=\"596\" data-end=\"601\" data-col-size=\"sm\">72<\/td>\n<td data-start=\"601\" data-end=\"609\" data-col-size=\"sm\">EVAS\u00ca<\/td>\n<td data-start=\"609\" data-end=\"616\" data-col-size=\"sm\">120<\/td>\n<\/tr>\n<tr data-start=\"617\" data-end=\"646\">\n<td data-start=\"617\" data-end=\"621\" data-col-size=\"sm\">P<\/td>\n<td data-start=\"621\" data-end=\"626\" data-col-size=\"sm\">94<\/td>\n<td data-start=\"626\" data-end=\"631\" data-col-size=\"sm\">76<\/td>\n<td data-start=\"631\" data-end=\"639\" data-col-size=\"sm\">EVAS\u00ca<\/td>\n<td data-start=\"639\" data-end=\"646\" data-col-size=\"sm\">121<\/td>\n<\/tr>\n<tr data-start=\"647\" data-end=\"676\">\n<td data-start=\"647\" data-end=\"651\" data-col-size=\"sm\">M<\/td>\n<td data-start=\"651\" data-end=\"656\" data-col-size=\"sm\">98<\/td>\n<td data-start=\"656\" data-end=\"661\" data-col-size=\"sm\">80<\/td>\n<td data-start=\"661\" data-end=\"669\" data-col-size=\"sm\">EVAS\u00ca<\/td>\n<td data-start=\"669\" data-end=\"676\" data-col-size=\"sm\">122<\/td>\n<\/tr>\n<tr data-start=\"677\" data-end=\"707\" data-is-last-node=\"\">\n<td data-start=\"677\" data-end=\"681\" data-col-size=\"sm\">G<\/td>\n<td data-start=\"681\" data-end=\"687\" data-col-size=\"sm\">102<\/td>\n<td data-start=\"687\" data-end=\"692\" data-col-size=\"sm\">84<\/td>\n<td data-start=\"692\" data-end=\"700\" data-col-size=\"sm\">EVAS\u00ca<\/td>\n<td data-start=\"700\" data-end=\"707\" data-is-last-node=\"\" data-col-size=\"sm\">123<\/td>\n<\/tr>\n<\/tbody>\n<\/table>\n<\/div>\n<\/div>","protected":false},"excerpt":{"rendered":"<p>VESTIDO NO MODELO LADY LIKE NA SEDINHA ESTAMPADA. POSSUI MANGA LONGA COM PUNHO FECHADO COM APLICA\u00c7\u00c3O DE EL\u00c1STICO. POSSUI GOLA PADRE E POSSUI BOT\u00d5ES FUNCIONAIS E RENDA GUIPIR APLICADOS NO BUSTO. ACOMPANHA CINTO\/FAIXA PARA AMARRA\u00c7\u00c3O NO MESMO TECIDO DA PE\u00c7A. SAIA NO MODELO EVAS\u00ca COM APLICA\u00c7\u00c3O DE UMA MARIA FRANZIDA. POSSUI Z\u00cdPER NAS COSTAS. POSSUI [&hellip;]<\/p>\n","protected":false},"featured_media":8068,"comment_status":"open","ping_status":"closed","template":"","meta":{"_joinchat":[]},"product_brand":[],"product_cat":[116],"product_tag":[],"class_list":{"0":"post-8008","1":"product","2":"type-product","3":"status-publish","4":"has-post-thumbnail","6":"product_cat-vestidos","8":"first","9":"instock","10":"shipping-taxable","11":"purchasable","12":"product-type-variable"},"_links":{"self":[{"href":"https:\/\/viamorenno.com.br\/en\/wp-json\/wp\/v2\/product\/8008","targetHints":{"allow":["GET"]}}],"collection":[{"href":"https:\/\/viamorenno.com.br\/en\/wp-json\/wp\/v2\/product"}],"about":[{"href":"https:\/\/viamorenno.com.br\/en\/wp-json\/wp\/v2\/types\/product"}],"replies":[{"embeddable":true,"href":"https:\/\/viamorenno.com.br\/en\/wp-json\/wp\/v2\/comments?post=8008"}],"version-history":[{"count":1,"href":"https:\/\/viamorenno.com.br\/en\/wp-json\/wp\/v2\/product\/8008\/revisions"}],"predecessor-version":[{"id":8013,"href":"https:\/\/viamorenno.com.br\/en\/wp-json\/wp\/v2\/product\/8008\/revisions\/8013"}],"wp:featuredmedia":[{"embeddable":true,"href":"https:\/\/viamorenno.com.br\/en\/wp-json\/wp\/v2\/media\/8068"}],"wp:attachment":[{"href":"https:\/\/viamorenno.com.br\/en\/wp-json\/wp\/v2\/media?parent=8008"}],"wp:term":[{"taxonomy":"product_brand","embeddable":true,"href":"https:\/\/viamorenno.com.br\/en\/wp-json\/wp\/v2\/product_brand?post=8008"},{"taxonomy":"product_cat","embeddable":true,"href":"https:\/\/viamorenno.com.br\/en\/wp-json\/wp\/v2\/product_cat?post=8008"},{"taxonomy":"product_tag","embeddable":true,"href":"https:\/\/viamorenno.com.br\/en\/wp-json\/wp\/v2\/product_tag?post=8008"}],"curies":[{"name":"wp","href":"https:\/\/api.w.org\/{rel}","templated":true}]}}