{"id":8014,"date":"2026-04-09T13:12:56","date_gmt":"2026-04-09T13:12:56","guid":{"rendered":"https:\/\/viamorenno.com.br\/?post_type=product&#038;p=8014"},"modified":"2026-04-09T16:58:44","modified_gmt":"2026-04-09T16:58:44","slug":"vestido-angela","status":"publish","type":"product","link":"https:\/\/viamorenno.com.br\/en\/product\/vestido-angela\/","title":{"rendered":"Vestido \u00c2ngela"},"content":{"rendered":"<p>VESTIDO NO MODELO LADY LIKE NO TECIDO DE LINHO COM DETALHES EM XADREZ. POSSUI DECOTE \u201cO\u201d MARCADO COM UMA RENDA TWEED COM PONTAS PARA AMARRA\u00c7\u00c3O E BOT\u00d5ES N\u00c3O FUNCIONAIS NO BUSTO. POSSUI APLICA\u00c7\u00c3O DE RENDA TWEED E BOT\u00c3O N\u00c3O FUNCIONAL NO BUSTO FORMANDO UM BOLSO FAKE E POSSUI MANGA CURTA LEVEMENTE BUFANTE COM APLICA\u00c7\u00c3O DE LAST\u00c9X E COM PUNHO FECHADO E COM APLICA\u00c7\u00c3O DE RENDA TWEED. SAIA NO MODELO EVAS\u00ca COM APLICA\u00c7\u00c3O DE 1 MARIA PREGUEADA. POSSUI Z\u00cdPER NAS COSTAS. POSSUI FORRO.<\/p>\n<h3 data-start=\"580\" data-end=\"601\">TABELA DE MEDIDAS<\/h3>\n<div class=\"TyagGW_tableContainer\">\n<div class=\"group TyagGW_tableWrapper flex flex-col-reverse w-fit\" tabindex=\"-1\">\n<table class=\"w-fit min-w-(--thread-content-width)\" data-start=\"603\" data-end=\"824\" data-is-last-node=\"\" data-is-only-node=\"\">\n<thead data-start=\"603\" data-end=\"656\">\n<tr data-start=\"603\" data-end=\"656\">\n<th class=\"\" data-start=\"603\" data-end=\"613\" data-col-size=\"sm\">Tamanho<\/th>\n<th class=\"\" data-start=\"613\" data-end=\"621\" data-col-size=\"sm\">Busto<\/th>\n<th class=\"\" data-start=\"621\" data-end=\"631\" data-col-size=\"sm\">Cintura<\/th>\n<th class=\"\" data-start=\"631\" data-end=\"641\" data-col-size=\"sm\">Quadril<\/th>\n<th class=\"\" data-start=\"641\" data-end=\"656\" data-col-size=\"sm\">Comprimento<\/th>\n<\/tr>\n<\/thead>\n<tbody data-start=\"711\" data-end=\"824\" data-is-last-node=\"\">\n<tr data-start=\"711\" data-end=\"739\">\n<td data-start=\"711\" data-end=\"716\" data-col-size=\"sm\">PP<\/td>\n<td data-start=\"716\" data-end=\"721\" data-col-size=\"sm\">90<\/td>\n<td data-start=\"721\" data-end=\"726\" data-col-size=\"sm\">70<\/td>\n<td data-start=\"726\" data-end=\"732\" data-col-size=\"sm\">102<\/td>\n<td data-start=\"732\" data-end=\"739\" data-col-size=\"sm\">104<\/td>\n<\/tr>\n<tr data-start=\"740\" data-end=\"767\">\n<td data-start=\"740\" data-end=\"744\" data-col-size=\"sm\">P<\/td>\n<td data-start=\"744\" data-end=\"749\" data-col-size=\"sm\">94<\/td>\n<td data-start=\"749\" data-end=\"754\" data-col-size=\"sm\">74<\/td>\n<td data-start=\"754\" data-end=\"760\" data-col-size=\"sm\">106<\/td>\n<td data-start=\"760\" data-end=\"767\" data-col-size=\"sm\">105<\/td>\n<\/tr>\n<tr data-start=\"768\" data-end=\"795\">\n<td data-start=\"768\" data-end=\"772\" data-col-size=\"sm\">M<\/td>\n<td data-start=\"772\" data-end=\"777\" data-col-size=\"sm\">98<\/td>\n<td data-start=\"777\" data-end=\"782\" data-col-size=\"sm\">78<\/td>\n<td data-start=\"782\" data-end=\"788\" data-col-size=\"sm\">110<\/td>\n<td data-start=\"788\" data-end=\"795\" data-col-size=\"sm\">106<\/td>\n<\/tr>\n<tr data-start=\"796\" data-end=\"824\" data-is-last-node=\"\">\n<td data-start=\"796\" data-end=\"800\" data-col-size=\"sm\">G<\/td>\n<td data-start=\"800\" data-end=\"806\" data-col-size=\"sm\">102<\/td>\n<td data-start=\"806\" data-end=\"811\" data-col-size=\"sm\">82<\/td>\n<td data-start=\"811\" data-end=\"817\" data-col-size=\"sm\">114<\/td>\n<td data-start=\"817\" data-end=\"824\" data-is-last-node=\"\" data-col-size=\"sm\">107<\/td>\n<\/tr>\n<\/tbody>\n<\/table>\n<\/div>\n<\/div>","protected":false},"excerpt":{"rendered":"<p>VESTIDO NO MODELO LADY LIKE NO TECIDO DE LINHO COM DETALHES EM XADREZ. POSSUI DECOTE \u201cO\u201d MARCADO COM UMA RENDA TWEED COM PONTAS PARA AMARRA\u00c7\u00c3O E BOT\u00d5ES N\u00c3O FUNCIONAIS NO BUSTO. POSSUI APLICA\u00c7\u00c3O DE RENDA TWEED E BOT\u00c3O N\u00c3O FUNCIONAL NO BUSTO FORMANDO UM BOLSO FAKE E POSSUI MANGA CURTA LEVEMENTE BUFANTE COM APLICA\u00c7\u00c3O DE [&hellip;]<\/p>\n","protected":false},"featured_media":8067,"comment_status":"open","ping_status":"closed","template":"","meta":{"_joinchat":[]},"product_brand":[],"product_cat":[116],"product_tag":[],"class_list":{"0":"post-8014","1":"product","2":"type-product","3":"status-publish","4":"has-post-thumbnail","6":"product_cat-vestidos","8":"first","9":"instock","10":"shipping-taxable","11":"purchasable","12":"product-type-variable"},"_links":{"self":[{"href":"https:\/\/viamorenno.com.br\/en\/wp-json\/wp\/v2\/product\/8014","targetHints":{"allow":["GET"]}}],"collection":[{"href":"https:\/\/viamorenno.com.br\/en\/wp-json\/wp\/v2\/product"}],"about":[{"href":"https:\/\/viamorenno.com.br\/en\/wp-json\/wp\/v2\/types\/product"}],"replies":[{"embeddable":true,"href":"https:\/\/viamorenno.com.br\/en\/wp-json\/wp\/v2\/comments?post=8014"}],"version-history":[{"count":1,"href":"https:\/\/viamorenno.com.br\/en\/wp-json\/wp\/v2\/product\/8014\/revisions"}],"predecessor-version":[{"id":8021,"href":"https:\/\/viamorenno.com.br\/en\/wp-json\/wp\/v2\/product\/8014\/revisions\/8021"}],"wp:featuredmedia":[{"embeddable":true,"href":"https:\/\/viamorenno.com.br\/en\/wp-json\/wp\/v2\/media\/8067"}],"wp:attachment":[{"href":"https:\/\/viamorenno.com.br\/en\/wp-json\/wp\/v2\/media?parent=8014"}],"wp:term":[{"taxonomy":"product_brand","embeddable":true,"href":"https:\/\/viamorenno.com.br\/en\/wp-json\/wp\/v2\/product_brand?post=8014"},{"taxonomy":"product_cat","embeddable":true,"href":"https:\/\/viamorenno.com.br\/en\/wp-json\/wp\/v2\/product_cat?post=8014"},{"taxonomy":"product_tag","embeddable":true,"href":"https:\/\/viamorenno.com.br\/en\/wp-json\/wp\/v2\/product_tag?post=8014"}],"curies":[{"name":"wp","href":"https:\/\/api.w.org\/{rel}","templated":true}]}}