{"id":8022,"date":"2026-04-09T13:21:14","date_gmt":"2026-04-09T13:21:14","guid":{"rendered":"https:\/\/viamorenno.com.br\/?post_type=product&#038;p=8022"},"modified":"2026-04-09T16:57:39","modified_gmt":"2026-04-09T16:57:39","slug":"conjunto-clarice","status":"publish","type":"product","link":"https:\/\/viamorenno.com.br\/en\/product\/conjunto-clarice\/","title":{"rendered":"Conjunto Clarice"},"content":{"rendered":"<p>CONJUNTO 2 PE\u00c7AS FUNCIONAIS NO TRICOLINE E NA MALHA ALFAIATARIA. CAMISA POSSUI GOLA BONECA E APLICA\u00c7\u00c3O DE BOT\u00d5ES FUNCIONAIS E POSSUI MANGA LONGA COM PUNHO FECHADO E COM APLICA\u00c7\u00c3O DE EL\u00c1STICO. SALOPETE FUNCIONAL NO MODELO TUBINHO POSSUI DECOTE \u201cO\u201d E APLICA\u00c7\u00c3O DE BOT\u00d5ES N\u00c3O FUNCIONAIS NA CINTURA. SALOPETE POSSUI DETALHE DE PESPONTO EM TODO O VESTIDO E POSSUI Z\u00cdPER NAS COSTAS. POSSUI FORRO.<\/p>\n<h3 data-start=\"494\" data-end=\"515\">TABELA DE MEDIDAS<\/h3>\n<div class=\"TyagGW_tableContainer\">\n<div class=\"group TyagGW_tableWrapper flex flex-col-reverse w-fit\" tabindex=\"-1\">\n<table class=\"w-fit min-w-(--thread-content-width)\" data-start=\"517\" data-end=\"738\" data-is-last-node=\"\" data-is-only-node=\"\">\n<thead data-start=\"517\" data-end=\"570\">\n<tr data-start=\"517\" data-end=\"570\">\n<th class=\"\" data-start=\"517\" data-end=\"527\" data-col-size=\"sm\">Tamanho<\/th>\n<th class=\"\" data-start=\"527\" data-end=\"535\" data-col-size=\"sm\">Busto<\/th>\n<th class=\"\" data-start=\"535\" data-end=\"545\" data-col-size=\"sm\">Cintura<\/th>\n<th class=\"\" data-start=\"545\" data-end=\"555\" data-col-size=\"sm\">Quadril<\/th>\n<th class=\"\" data-start=\"555\" data-end=\"570\" data-col-size=\"sm\">Comprimento<\/th>\n<\/tr>\n<\/thead>\n<tbody data-start=\"625\" data-end=\"738\" data-is-last-node=\"\">\n<tr data-start=\"625\" data-end=\"652\">\n<td data-start=\"625\" data-end=\"629\" data-col-size=\"sm\">P<\/td>\n<td data-col-size=\"sm\" data-start=\"629\" data-end=\"634\">88<\/td>\n<td data-col-size=\"sm\" data-start=\"634\" data-end=\"639\">74<\/td>\n<td data-col-size=\"sm\" data-start=\"639\" data-end=\"645\">100<\/td>\n<td data-col-size=\"sm\" data-start=\"645\" data-end=\"652\">102<\/td>\n<\/tr>\n<tr data-start=\"653\" data-end=\"680\">\n<td data-start=\"653\" data-end=\"657\" data-col-size=\"sm\">M<\/td>\n<td data-col-size=\"sm\" data-start=\"657\" data-end=\"662\">92<\/td>\n<td data-col-size=\"sm\" data-start=\"662\" data-end=\"667\">78<\/td>\n<td data-col-size=\"sm\" data-start=\"667\" data-end=\"673\">104<\/td>\n<td data-col-size=\"sm\" data-start=\"673\" data-end=\"680\">103<\/td>\n<\/tr>\n<tr data-start=\"681\" data-end=\"708\">\n<td data-start=\"681\" data-end=\"685\" data-col-size=\"sm\">G<\/td>\n<td data-col-size=\"sm\" data-start=\"685\" data-end=\"690\">96<\/td>\n<td data-col-size=\"sm\" data-start=\"690\" data-end=\"695\">82<\/td>\n<td data-col-size=\"sm\" data-start=\"695\" data-end=\"701\">108<\/td>\n<td data-col-size=\"sm\" data-start=\"701\" data-end=\"708\">104<\/td>\n<\/tr>\n<tr data-start=\"709\" data-end=\"738\" data-is-last-node=\"\">\n<td data-start=\"709\" data-end=\"714\" data-col-size=\"sm\">GG<\/td>\n<td data-col-size=\"sm\" data-start=\"714\" data-end=\"720\">100<\/td>\n<td data-col-size=\"sm\" data-start=\"720\" data-end=\"725\">86<\/td>\n<td data-col-size=\"sm\" data-start=\"725\" data-end=\"731\">112<\/td>\n<td data-col-size=\"sm\" data-start=\"731\" data-end=\"738\" data-is-last-node=\"\">105<\/td>\n<\/tr>\n<\/tbody>\n<\/table>\n<\/div>\n<\/div>","protected":false},"excerpt":{"rendered":"<p>CONJUNTO 2 PE\u00c7AS FUNCIONAIS NO TRICOLINE E NA MALHA ALFAIATARIA. CAMISA POSSUI GOLA BONECA E APLICA\u00c7\u00c3O DE BOT\u00d5ES FUNCIONAIS E POSSUI MANGA LONGA COM PUNHO FECHADO E COM APLICA\u00c7\u00c3O DE EL\u00c1STICO. SALOPETE FUNCIONAL NO MODELO TUBINHO POSSUI DECOTE \u201cO\u201d E APLICA\u00c7\u00c3O DE BOT\u00d5ES N\u00c3O FUNCIONAIS NA CINTURA. SALOPETE POSSUI DETALHE DE PESPONTO EM TODO O [&hellip;]<\/p>\n","protected":false},"featured_media":8066,"comment_status":"open","ping_status":"closed","template":"","meta":{"_joinchat":[]},"product_brand":[],"product_cat":[116],"product_tag":[],"class_list":{"0":"post-8022","1":"product","2":"type-product","3":"status-publish","4":"has-post-thumbnail","6":"product_cat-vestidos","8":"first","9":"instock","10":"shipping-taxable","11":"purchasable","12":"product-type-variable"},"_links":{"self":[{"href":"https:\/\/viamorenno.com.br\/en\/wp-json\/wp\/v2\/product\/8022","targetHints":{"allow":["GET"]}}],"collection":[{"href":"https:\/\/viamorenno.com.br\/en\/wp-json\/wp\/v2\/product"}],"about":[{"href":"https:\/\/viamorenno.com.br\/en\/wp-json\/wp\/v2\/types\/product"}],"replies":[{"embeddable":true,"href":"https:\/\/viamorenno.com.br\/en\/wp-json\/wp\/v2\/comments?post=8022"}],"version-history":[{"count":1,"href":"https:\/\/viamorenno.com.br\/en\/wp-json\/wp\/v2\/product\/8022\/revisions"}],"predecessor-version":[{"id":8030,"href":"https:\/\/viamorenno.com.br\/en\/wp-json\/wp\/v2\/product\/8022\/revisions\/8030"}],"wp:featuredmedia":[{"embeddable":true,"href":"https:\/\/viamorenno.com.br\/en\/wp-json\/wp\/v2\/media\/8066"}],"wp:attachment":[{"href":"https:\/\/viamorenno.com.br\/en\/wp-json\/wp\/v2\/media?parent=8022"}],"wp:term":[{"taxonomy":"product_brand","embeddable":true,"href":"https:\/\/viamorenno.com.br\/en\/wp-json\/wp\/v2\/product_brand?post=8022"},{"taxonomy":"product_cat","embeddable":true,"href":"https:\/\/viamorenno.com.br\/en\/wp-json\/wp\/v2\/product_cat?post=8022"},{"taxonomy":"product_tag","embeddable":true,"href":"https:\/\/viamorenno.com.br\/en\/wp-json\/wp\/v2\/product_tag?post=8022"}],"curies":[{"name":"wp","href":"https:\/\/api.w.org\/{rel}","templated":true}]}}