{"id":8031,"date":"2026-04-09T13:28:31","date_gmt":"2026-04-09T13:28:31","guid":{"rendered":"https:\/\/viamorenno.com.br\/?post_type=product&#038;p=8031"},"modified":"2026-04-09T16:54:36","modified_gmt":"2026-04-09T16:54:36","slug":"vestido-louise","status":"publish","type":"product","link":"https:\/\/viamorenno.com.br\/en\/product\/vestido-louise\/","title":{"rendered":"Vestido Louise"},"content":{"rendered":"<p>VESTIDO NO MODELO LADY LIKE NA ALFAIATARIA ESTAMPADA EM PIED PULE. POSSUI MANGA CURTA COM PUNHO FECHADO E COM APLICA\u00c7\u00c3O DE RENDA GUIPIR E POSSUI DECOTE QUADRADO COM APLICA\u00c7\u00c3O DE RENDA GUIPIR E BOT\u00d5ES N\u00c3O FUNCIONAIS NO BUSTO. SAIA NO MODELO EVAS\u00ca COM APLICA\u00c7\u00c3O DE LAPELAS FAKE EM RENDA GUIPIR E BOT\u00d5ES N\u00c3O FUNCIONAIS E MARIA APLICADA EM PREGAS. POSSUI Z\u00cdPER NAS COSTAS. POSSUI FORRO.<\/p>\n<p>&nbsp;<\/p>","protected":false},"excerpt":{"rendered":"<p>VESTIDO NO MODELO LADY LIKE NA ALFAIATARIA ESTAMPADA EM PIED PULE. POSSUI MANGA CURTA COM PUNHO FECHADO E COM APLICA\u00c7\u00c3O DE RENDA GUIPIR E POSSUI DECOTE QUADRADO COM APLICA\u00c7\u00c3O DE RENDA GUIPIR E BOT\u00d5ES N\u00c3O FUNCIONAIS NO BUSTO. SAIA NO MODELO EVAS\u00ca COM APLICA\u00c7\u00c3O DE LAPELAS FAKE EM RENDA GUIPIR E BOT\u00d5ES N\u00c3O FUNCIONAIS E [&hellip;]<\/p>\n","protected":false},"featured_media":8065,"comment_status":"open","ping_status":"closed","template":"","meta":{"_joinchat":[]},"product_brand":[],"product_cat":[116],"product_tag":[],"class_list":{"0":"post-8031","1":"product","2":"type-product","3":"status-publish","4":"has-post-thumbnail","6":"product_cat-vestidos","8":"first","9":"instock","10":"shipping-taxable","11":"purchasable","12":"product-type-variable"},"_links":{"self":[{"href":"https:\/\/viamorenno.com.br\/en\/wp-json\/wp\/v2\/product\/8031","targetHints":{"allow":["GET"]}}],"collection":[{"href":"https:\/\/viamorenno.com.br\/en\/wp-json\/wp\/v2\/product"}],"about":[{"href":"https:\/\/viamorenno.com.br\/en\/wp-json\/wp\/v2\/types\/product"}],"replies":[{"embeddable":true,"href":"https:\/\/viamorenno.com.br\/en\/wp-json\/wp\/v2\/comments?post=8031"}],"version-history":[{"count":1,"href":"https:\/\/viamorenno.com.br\/en\/wp-json\/wp\/v2\/product\/8031\/revisions"}],"predecessor-version":[{"id":8037,"href":"https:\/\/viamorenno.com.br\/en\/wp-json\/wp\/v2\/product\/8031\/revisions\/8037"}],"wp:featuredmedia":[{"embeddable":true,"href":"https:\/\/viamorenno.com.br\/en\/wp-json\/wp\/v2\/media\/8065"}],"wp:attachment":[{"href":"https:\/\/viamorenno.com.br\/en\/wp-json\/wp\/v2\/media?parent=8031"}],"wp:term":[{"taxonomy":"product_brand","embeddable":true,"href":"https:\/\/viamorenno.com.br\/en\/wp-json\/wp\/v2\/product_brand?post=8031"},{"taxonomy":"product_cat","embeddable":true,"href":"https:\/\/viamorenno.com.br\/en\/wp-json\/wp\/v2\/product_cat?post=8031"},{"taxonomy":"product_tag","embeddable":true,"href":"https:\/\/viamorenno.com.br\/en\/wp-json\/wp\/v2\/product_tag?post=8031"}],"curies":[{"name":"wp","href":"https:\/\/api.w.org\/{rel}","templated":true}]}}