{"id":8038,"date":"2026-04-09T13:35:44","date_gmt":"2026-04-09T13:35:44","guid":{"rendered":"https:\/\/viamorenno.com.br\/?post_type=product&#038;p=8038"},"modified":"2026-04-09T16:52:08","modified_gmt":"2026-04-09T16:52:08","slug":"vestido-ariele","status":"publish","type":"product","link":"https:\/\/viamorenno.com.br\/en\/product\/vestido-ariele\/","title":{"rendered":"Vestido Ariele"},"content":{"rendered":"<p>VESTIDO NO MODELO MIDI NA CAMBRAIA BORDADA. POSSUI DECOTE QUADRADO E POSSUI MANGA CURTA BUFANTE COM APLICA\u00c7\u00c3O DE EL\u00c1STICO NO PUNHO FORMANDO BABADO. POSSUI APLICA\u00c7\u00c3O DE RENDA GUIPIR NO BUSTO E NA CINTURA. SAIA NO MODELO EVAS\u00ca COM RECORTES HEXAGONAIS E COM APLICA\u00c7\u00c3O DE 2 MARIAS MARCADAS COM RENDA GUIPIR E MAIS UMA MARIA FRANZIDA FORMANDO O BABADO DO VESTIDO.<\/p>\n<h3 data-start=\"458\" data-end=\"479\">TABELA DE MEDIDAS<\/h3>\n<div class=\"TyagGW_tableContainer\">\n<div class=\"group TyagGW_tableWrapper flex flex-col-reverse w-fit\" tabindex=\"-1\">\n<table class=\"w-fit min-w-(--thread-content-width)\" data-start=\"481\" data-end=\"710\" data-is-last-node=\"\" data-is-only-node=\"\">\n<thead data-start=\"481\" data-end=\"534\">\n<tr data-start=\"481\" data-end=\"534\">\n<th class=\"\" data-start=\"481\" data-end=\"491\" data-col-size=\"sm\">Tamanho<\/th>\n<th class=\"\" data-start=\"491\" data-end=\"499\" data-col-size=\"sm\">Busto<\/th>\n<th class=\"\" data-start=\"499\" data-end=\"509\" data-col-size=\"sm\">Cintura<\/th>\n<th class=\"\" data-start=\"509\" data-end=\"519\" data-col-size=\"sm\">Quadril<\/th>\n<th class=\"\" data-start=\"519\" data-end=\"534\" data-col-size=\"sm\">Comprimento<\/th>\n<\/tr>\n<\/thead>\n<tbody data-start=\"589\" data-end=\"710\" data-is-last-node=\"\">\n<tr data-start=\"589\" data-end=\"619\">\n<td data-start=\"589\" data-end=\"594\" data-col-size=\"sm\">PP<\/td>\n<td data-start=\"594\" data-end=\"599\" data-col-size=\"sm\">90<\/td>\n<td data-start=\"599\" data-end=\"604\" data-col-size=\"sm\">70<\/td>\n<td data-start=\"604\" data-end=\"612\" data-col-size=\"sm\">EVAS\u00ca<\/td>\n<td data-start=\"612\" data-end=\"619\" data-col-size=\"sm\">122<\/td>\n<\/tr>\n<tr data-start=\"620\" data-end=\"649\">\n<td data-start=\"620\" data-end=\"624\" data-col-size=\"sm\">P<\/td>\n<td data-start=\"624\" data-end=\"629\" data-col-size=\"sm\">94<\/td>\n<td data-start=\"629\" data-end=\"634\" data-col-size=\"sm\">74<\/td>\n<td data-start=\"634\" data-end=\"642\" data-col-size=\"sm\">EVAS\u00ca<\/td>\n<td data-start=\"642\" data-end=\"649\" data-col-size=\"sm\">123<\/td>\n<\/tr>\n<tr data-start=\"650\" data-end=\"679\">\n<td data-start=\"650\" data-end=\"654\" data-col-size=\"sm\">M<\/td>\n<td data-start=\"654\" data-end=\"659\" data-col-size=\"sm\">98<\/td>\n<td data-start=\"659\" data-end=\"664\" data-col-size=\"sm\">78<\/td>\n<td data-start=\"664\" data-end=\"672\" data-col-size=\"sm\">EVAS\u00ca<\/td>\n<td data-start=\"672\" data-end=\"679\" data-col-size=\"sm\">124<\/td>\n<\/tr>\n<tr data-start=\"680\" data-end=\"710\" data-is-last-node=\"\">\n<td data-start=\"680\" data-end=\"684\" data-col-size=\"sm\">G<\/td>\n<td data-start=\"684\" data-end=\"690\" data-col-size=\"sm\">102<\/td>\n<td data-start=\"690\" data-end=\"695\" data-col-size=\"sm\">82<\/td>\n<td data-start=\"695\" data-end=\"703\" data-col-size=\"sm\">EVAS\u00ca<\/td>\n<td data-start=\"703\" data-end=\"710\" data-is-last-node=\"\" data-col-size=\"sm\">125<\/td>\n<\/tr>\n<\/tbody>\n<\/table>\n<\/div>\n<\/div>","protected":false},"excerpt":{"rendered":"<p>VESTIDO NO MODELO MIDI NA CAMBRAIA BORDADA. POSSUI DECOTE QUADRADO E POSSUI MANGA CURTA BUFANTE COM APLICA\u00c7\u00c3O DE EL\u00c1STICO NO PUNHO FORMANDO BABADO. POSSUI APLICA\u00c7\u00c3O DE RENDA GUIPIR NO BUSTO E NA CINTURA. SAIA NO MODELO EVAS\u00ca COM RECORTES HEXAGONAIS E COM APLICA\u00c7\u00c3O DE 2 MARIAS MARCADAS COM RENDA GUIPIR E MAIS UMA MARIA FRANZIDA [&hellip;]<\/p>\n","protected":false},"featured_media":8064,"comment_status":"open","ping_status":"closed","template":"","meta":{"_joinchat":[]},"product_brand":[],"product_cat":[116],"product_tag":[],"class_list":{"0":"post-8038","1":"product","2":"type-product","3":"status-publish","4":"has-post-thumbnail","6":"product_cat-vestidos","8":"first","9":"instock","10":"shipping-taxable","11":"purchasable","12":"product-type-variable"},"_links":{"self":[{"href":"https:\/\/viamorenno.com.br\/en\/wp-json\/wp\/v2\/product\/8038","targetHints":{"allow":["GET"]}}],"collection":[{"href":"https:\/\/viamorenno.com.br\/en\/wp-json\/wp\/v2\/product"}],"about":[{"href":"https:\/\/viamorenno.com.br\/en\/wp-json\/wp\/v2\/types\/product"}],"replies":[{"embeddable":true,"href":"https:\/\/viamorenno.com.br\/en\/wp-json\/wp\/v2\/comments?post=8038"}],"version-history":[{"count":1,"href":"https:\/\/viamorenno.com.br\/en\/wp-json\/wp\/v2\/product\/8038\/revisions"}],"predecessor-version":[{"id":8045,"href":"https:\/\/viamorenno.com.br\/en\/wp-json\/wp\/v2\/product\/8038\/revisions\/8045"}],"wp:featuredmedia":[{"embeddable":true,"href":"https:\/\/viamorenno.com.br\/en\/wp-json\/wp\/v2\/media\/8064"}],"wp:attachment":[{"href":"https:\/\/viamorenno.com.br\/en\/wp-json\/wp\/v2\/media?parent=8038"}],"wp:term":[{"taxonomy":"product_brand","embeddable":true,"href":"https:\/\/viamorenno.com.br\/en\/wp-json\/wp\/v2\/product_brand?post=8038"},{"taxonomy":"product_cat","embeddable":true,"href":"https:\/\/viamorenno.com.br\/en\/wp-json\/wp\/v2\/product_cat?post=8038"},{"taxonomy":"product_tag","embeddable":true,"href":"https:\/\/viamorenno.com.br\/en\/wp-json\/wp\/v2\/product_tag?post=8038"}],"curies":[{"name":"wp","href":"https:\/\/api.w.org\/{rel}","templated":true}]}}