{"id":8054,"date":"2026-04-09T15:39:40","date_gmt":"2026-04-09T15:39:40","guid":{"rendered":"https:\/\/viamorenno.com.br\/?post_type=product&#038;p=8054"},"modified":"2026-04-09T16:49:33","modified_gmt":"2026-04-09T16:49:33","slug":"vestido-rubi","status":"publish","type":"product","link":"https:\/\/viamorenno.com.br\/en\/product\/vestido-rubi\/","title":{"rendered":"Vestido Rubi"},"content":{"rendered":"<p>VESTIDO NO MODELO LADY LIKE NO TECIDO DEVOR\u00ca TEXTURIZADO. POSSUI GOLA CANOA COM APLICA\u00c7\u00c3O DE FLORES 3D EM CROCH\u00ca NO BUSTO. POSSUI MANGA CURTA LEVEMENTE BUFANTE E ACOMPANHA CINTO\/FAIXA PARA AMARRA\u00c7\u00c3O. SAIA NO MODELO EVAS\u00ca COM DETALHE DE APLICA\u00c7\u00c3O NA DIAGONAL COM FRANZIDO. POSSUI Z\u00cdPER NAS COSTAS. POSSUI FORRO.<\/p>\n<h3 data-start=\"391\" data-end=\"412\">TABELA DE MEDIDAS<\/h3>\n<div class=\"TyagGW_tableContainer\">\n<div class=\"group TyagGW_tableWrapper flex flex-col-reverse w-fit\" tabindex=\"-1\">\n<table class=\"w-fit min-w-(--thread-content-width)\" data-start=\"414\" data-end=\"643\" data-is-last-node=\"\" data-is-only-node=\"\">\n<thead data-start=\"414\" data-end=\"467\">\n<tr data-start=\"414\" data-end=\"467\">\n<th class=\"\" data-start=\"414\" data-end=\"424\" data-col-size=\"sm\">Tamanho<\/th>\n<th class=\"\" data-start=\"424\" data-end=\"432\" data-col-size=\"sm\">Busto<\/th>\n<th class=\"\" data-start=\"432\" data-end=\"442\" data-col-size=\"sm\">Cintura<\/th>\n<th class=\"\" data-start=\"442\" data-end=\"452\" data-col-size=\"sm\">Quadril<\/th>\n<th class=\"\" data-start=\"452\" data-end=\"467\" data-col-size=\"sm\">Comprimento<\/th>\n<\/tr>\n<\/thead>\n<tbody data-start=\"522\" data-end=\"643\" data-is-last-node=\"\">\n<tr data-start=\"522\" data-end=\"552\">\n<td data-start=\"522\" data-end=\"527\" data-col-size=\"sm\">PP<\/td>\n<td data-start=\"527\" data-end=\"532\" data-col-size=\"sm\">88<\/td>\n<td data-start=\"532\" data-end=\"537\" data-col-size=\"sm\">70<\/td>\n<td data-start=\"537\" data-end=\"545\" data-col-size=\"sm\">EVAS\u00ca<\/td>\n<td data-start=\"545\" data-end=\"552\" data-col-size=\"sm\">110<\/td>\n<\/tr>\n<tr data-start=\"553\" data-end=\"582\">\n<td data-start=\"553\" data-end=\"557\" data-col-size=\"sm\">P<\/td>\n<td data-start=\"557\" data-end=\"562\" data-col-size=\"sm\">92<\/td>\n<td data-start=\"562\" data-end=\"567\" data-col-size=\"sm\">74<\/td>\n<td data-start=\"567\" data-end=\"575\" data-col-size=\"sm\">EVAS\u00ca<\/td>\n<td data-start=\"575\" data-end=\"582\" data-col-size=\"sm\">111<\/td>\n<\/tr>\n<tr data-start=\"583\" data-end=\"612\">\n<td data-start=\"583\" data-end=\"587\" data-col-size=\"sm\">M<\/td>\n<td data-start=\"587\" data-end=\"592\" data-col-size=\"sm\">96<\/td>\n<td data-start=\"592\" data-end=\"597\" data-col-size=\"sm\">78<\/td>\n<td data-start=\"597\" data-end=\"605\" data-col-size=\"sm\">EVAS\u00ca<\/td>\n<td data-start=\"605\" data-end=\"612\" data-col-size=\"sm\">112<\/td>\n<\/tr>\n<tr data-start=\"613\" data-end=\"643\" data-is-last-node=\"\">\n<td data-start=\"613\" data-end=\"617\" data-col-size=\"sm\">G<\/td>\n<td data-start=\"617\" data-end=\"623\" data-col-size=\"sm\">100<\/td>\n<td data-start=\"623\" data-end=\"628\" data-col-size=\"sm\">82<\/td>\n<td data-start=\"628\" data-end=\"636\" data-col-size=\"sm\">EVAS\u00ca<\/td>\n<td data-start=\"636\" data-end=\"643\" data-is-last-node=\"\" data-col-size=\"sm\">113<\/td>\n<\/tr>\n<\/tbody>\n<\/table>\n<\/div>\n<\/div>","protected":false},"excerpt":{"rendered":"<p>VESTIDO NO MODELO LADY LIKE NO TECIDO DEVOR\u00ca TEXTURIZADO. POSSUI GOLA CANOA COM APLICA\u00c7\u00c3O DE FLORES 3D EM CROCH\u00ca NO BUSTO. POSSUI MANGA CURTA LEVEMENTE BUFANTE E ACOMPANHA CINTO\/FAIXA PARA AMARRA\u00c7\u00c3O. SAIA NO MODELO EVAS\u00ca COM DETALHE DE APLICA\u00c7\u00c3O NA DIAGONAL COM FRANZIDO. POSSUI Z\u00cdPER NAS COSTAS. POSSUI FORRO. TABELA DE MEDIDAS Tamanho Busto Cintura [&hellip;]<\/p>\n","protected":false},"featured_media":8062,"comment_status":"open","ping_status":"closed","template":"","meta":{"_joinchat":[]},"product_brand":[],"product_cat":[116],"product_tag":[],"class_list":{"0":"post-8054","1":"product","2":"type-product","3":"status-publish","4":"has-post-thumbnail","6":"product_cat-vestidos","8":"first","9":"instock","10":"shipping-taxable","11":"purchasable","12":"product-type-variable"},"_links":{"self":[{"href":"https:\/\/viamorenno.com.br\/en\/wp-json\/wp\/v2\/product\/8054","targetHints":{"allow":["GET"]}}],"collection":[{"href":"https:\/\/viamorenno.com.br\/en\/wp-json\/wp\/v2\/product"}],"about":[{"href":"https:\/\/viamorenno.com.br\/en\/wp-json\/wp\/v2\/types\/product"}],"replies":[{"embeddable":true,"href":"https:\/\/viamorenno.com.br\/en\/wp-json\/wp\/v2\/comments?post=8054"}],"version-history":[{"count":1,"href":"https:\/\/viamorenno.com.br\/en\/wp-json\/wp\/v2\/product\/8054\/revisions"}],"predecessor-version":[{"id":8061,"href":"https:\/\/viamorenno.com.br\/en\/wp-json\/wp\/v2\/product\/8054\/revisions\/8061"}],"wp:featuredmedia":[{"embeddable":true,"href":"https:\/\/viamorenno.com.br\/en\/wp-json\/wp\/v2\/media\/8062"}],"wp:attachment":[{"href":"https:\/\/viamorenno.com.br\/en\/wp-json\/wp\/v2\/media?parent=8054"}],"wp:term":[{"taxonomy":"product_brand","embeddable":true,"href":"https:\/\/viamorenno.com.br\/en\/wp-json\/wp\/v2\/product_brand?post=8054"},{"taxonomy":"product_cat","embeddable":true,"href":"https:\/\/viamorenno.com.br\/en\/wp-json\/wp\/v2\/product_cat?post=8054"},{"taxonomy":"product_tag","embeddable":true,"href":"https:\/\/viamorenno.com.br\/en\/wp-json\/wp\/v2\/product_tag?post=8054"}],"curies":[{"name":"wp","href":"https:\/\/api.w.org\/{rel}","templated":true}]}}