{"id":8079,"date":"2026-04-09T17:35:01","date_gmt":"2026-04-09T17:35:01","guid":{"rendered":"https:\/\/viamorenno.com.br\/?post_type=product&#038;p=8079"},"modified":"2026-04-09T17:35:01","modified_gmt":"2026-04-09T17:35:01","slug":"vestido-elen","status":"publish","type":"product","link":"https:\/\/viamorenno.com.br\/en\/product\/vestido-elen\/","title":{"rendered":"Vestido Elen"},"content":{"rendered":"<p data-start=\"0\" data-end=\"32\"><strong data-start=\"0\" data-end=\"32\">Vestido Elen \u2013 Tata Martello<\/strong><\/p>\n<p data-start=\"34\" data-end=\"471\" data-is-last-node=\"\" data-is-only-node=\"\">Vestido elegante e atemporal confeccionado em malha estruturada de toque macio. Possui modelagem curta evas\u00ea com cintura levemente marcada, valorizando a silhueta com conforto e movimento. Conta com gola redonda com acabamento em vivo, bot\u00f5es decorativos frontais e mangas curtas com detalhes delicados. Acompanha la\u00e7o remov\u00edvel para diferentes formas de uso. Possui z\u00edper posterior e forro interno, garantindo melhor ajuste e seguran\u00e7a.<\/p>\n<p data-start=\"0\" data-end=\"96\">Encontre o tamanho perfeito comparando suas medidas com a tabela abaixo.<\/p>\n<h3 data-start=\"98\" data-end=\"117\">MEDIDAS DA PE\u00c7A<\/h3>\n<div class=\"TyagGW_tableContainer\">\n<div class=\"group TyagGW_tableWrapper flex flex-col-reverse w-fit\" tabindex=\"-1\">\n<table class=\"w-fit min-w-(--thread-content-width)\" data-start=\"119\" data-end=\"366\">\n<thead data-start=\"119\" data-end=\"152\">\n<tr data-start=\"119\" data-end=\"152\">\n<th class=\"\" data-start=\"119\" data-end=\"129\" data-col-size=\"sm\">TAMANHO<\/th>\n<th class=\"\" data-start=\"129\" data-end=\"134\" data-col-size=\"sm\">PP<\/th>\n<th class=\"\" data-start=\"134\" data-end=\"138\" data-col-size=\"sm\">P<\/th>\n<th class=\"\" data-start=\"138\" data-end=\"142\" data-col-size=\"sm\">M<\/th>\n<th class=\"\" data-start=\"142\" data-end=\"146\" data-col-size=\"sm\">G<\/th>\n<th class=\"\" data-start=\"146\" data-end=\"152\" data-col-size=\"sm\">GG<\/th>\n<\/tr>\n<\/thead>\n<tbody data-start=\"190\" data-end=\"366\">\n<tr data-start=\"190\" data-end=\"231\">\n<td data-start=\"190\" data-end=\"202\" data-col-size=\"sm\"><strong data-start=\"192\" data-end=\"201\">BUSTO<\/strong><\/td>\n<td data-col-size=\"sm\" data-start=\"202\" data-end=\"207\">92<\/td>\n<td data-col-size=\"sm\" data-start=\"207\" data-end=\"212\">98<\/td>\n<td data-col-size=\"sm\" data-start=\"212\" data-end=\"218\">104<\/td>\n<td data-col-size=\"sm\" data-start=\"218\" data-end=\"224\">110<\/td>\n<td data-col-size=\"sm\" data-start=\"224\" data-end=\"231\">116<\/td>\n<\/tr>\n<tr data-start=\"232\" data-end=\"272\">\n<td data-start=\"232\" data-end=\"246\" data-col-size=\"sm\"><strong data-start=\"234\" data-end=\"245\">CINTURA<\/strong><\/td>\n<td data-col-size=\"sm\" data-start=\"246\" data-end=\"251\">68<\/td>\n<td data-col-size=\"sm\" data-start=\"251\" data-end=\"256\">74<\/td>\n<td data-col-size=\"sm\" data-start=\"256\" data-end=\"261\">80<\/td>\n<td data-col-size=\"sm\" data-start=\"261\" data-end=\"266\">86<\/td>\n<td data-col-size=\"sm\" data-start=\"266\" data-end=\"272\">92<\/td>\n<\/tr>\n<tr data-start=\"273\" data-end=\"318\">\n<td data-start=\"273\" data-end=\"287\" data-col-size=\"sm\"><strong data-start=\"275\" data-end=\"286\">QUADRIL<\/strong><\/td>\n<td data-col-size=\"sm\" data-start=\"287\" data-end=\"293\">104<\/td>\n<td data-col-size=\"sm\" data-start=\"293\" data-end=\"299\">110<\/td>\n<td data-col-size=\"sm\" data-start=\"299\" data-end=\"305\">116<\/td>\n<td data-col-size=\"sm\" data-start=\"305\" data-end=\"311\">122<\/td>\n<td data-col-size=\"sm\" data-start=\"311\" data-end=\"318\">128<\/td>\n<\/tr>\n<tr data-start=\"319\" data-end=\"366\">\n<td data-start=\"319\" data-end=\"337\" data-col-size=\"sm\"><strong data-start=\"321\" data-end=\"336\">COMPRIMENTO<\/strong><\/td>\n<td data-start=\"337\" data-end=\"342\" data-col-size=\"sm\">98<\/td>\n<td data-start=\"342\" data-end=\"347\" data-col-size=\"sm\">99<\/td>\n<td data-start=\"347\" data-end=\"353\" data-col-size=\"sm\">100<\/td>\n<td data-start=\"353\" data-end=\"359\" data-col-size=\"sm\">101<\/td>\n<td data-start=\"359\" data-end=\"366\" data-col-size=\"sm\">102<\/td>\n<\/tr>\n<\/tbody>\n<\/table>\n<\/div>\n<\/div>","protected":false},"excerpt":{"rendered":"<p>Vestido Elen \u2013 Tata Martello Vestido elegante e atemporal confeccionado em malha estruturada de toque macio. Possui modelagem curta evas\u00ea com cintura levemente marcada, valorizando a silhueta com conforto e movimento. Conta com gola redonda com acabamento em vivo, bot\u00f5es decorativos frontais e mangas curtas com detalhes delicados. Acompanha la\u00e7o remov\u00edvel para diferentes formas de [&hellip;]<\/p>\n","protected":false},"featured_media":8081,"comment_status":"open","ping_status":"closed","template":"","meta":{"_joinchat":[]},"product_brand":[],"product_cat":[116],"product_tag":[],"class_list":{"0":"post-8079","1":"product","2":"type-product","3":"status-publish","4":"has-post-thumbnail","6":"product_cat-vestidos","8":"first","9":"instock","10":"shipping-taxable","11":"purchasable","12":"product-type-variable"},"_links":{"self":[{"href":"https:\/\/viamorenno.com.br\/en\/wp-json\/wp\/v2\/product\/8079","targetHints":{"allow":["GET"]}}],"collection":[{"href":"https:\/\/viamorenno.com.br\/en\/wp-json\/wp\/v2\/product"}],"about":[{"href":"https:\/\/viamorenno.com.br\/en\/wp-json\/wp\/v2\/types\/product"}],"replies":[{"embeddable":true,"href":"https:\/\/viamorenno.com.br\/en\/wp-json\/wp\/v2\/comments?post=8079"}],"version-history":[{"count":1,"href":"https:\/\/viamorenno.com.br\/en\/wp-json\/wp\/v2\/product\/8079\/revisions"}],"predecessor-version":[{"id":8091,"href":"https:\/\/viamorenno.com.br\/en\/wp-json\/wp\/v2\/product\/8079\/revisions\/8091"}],"wp:featuredmedia":[{"embeddable":true,"href":"https:\/\/viamorenno.com.br\/en\/wp-json\/wp\/v2\/media\/8081"}],"wp:attachment":[{"href":"https:\/\/viamorenno.com.br\/en\/wp-json\/wp\/v2\/media?parent=8079"}],"wp:term":[{"taxonomy":"product_brand","embeddable":true,"href":"https:\/\/viamorenno.com.br\/en\/wp-json\/wp\/v2\/product_brand?post=8079"},{"taxonomy":"product_cat","embeddable":true,"href":"https:\/\/viamorenno.com.br\/en\/wp-json\/wp\/v2\/product_cat?post=8079"},{"taxonomy":"product_tag","embeddable":true,"href":"https:\/\/viamorenno.com.br\/en\/wp-json\/wp\/v2\/product_tag?post=8079"}],"curies":[{"name":"wp","href":"https:\/\/api.w.org\/{rel}","templated":true}]}}